{"id":194,"date":"2017-02-15T13:11:21","date_gmt":"2017-02-15T12:11:21","guid":{"rendered":"http:\/\/devgolf45.fr\/?page_id=194"},"modified":"2026-05-04T17:54:48","modified_gmt":"2026-05-04T15:54:48","slug":"contacts","status":"publish","type":"page","link":"https:\/\/www.amicale-golf-seniors-45.com\/index.php\/contacts\/","title":{"rendered":"CONTACTS"},"content":{"rendered":"\n<p class=\"has-black-color has-text-color\">Un responsable Seniors, membre du conseil d\u2019administration, est d\u00e9sign\u00e9 dans chaque golf.<br>Contactez-le pour tout renseignement concernant notre Amicale.<\/p>\n\n\n\n<p class=\"has-vivid-red-color has-text-color\"><br><strong>En cas de d\u00e9sistement \u00e0 une comp\u00e9tition, pr\u00e9venir l&rsquo;accueil du golf organisateur<\/strong><br><strong>et par pr\u00e9caution, avertir par mail le responsable Seniors de ce m\u00eame golf.<\/strong><\/p>\n\n\n\n<div class=\"wp-block-columns is-layout-flex wp-container-core-columns-is-layout-28f84493 wp-block-columns-is-layout-flex\">\n<div class=\"wp-block-column is-layout-flow wp-block-column-is-layout-flow\" style=\"flex-basis:100%\">\n\n\n<figure class=\"wp-block-table is-style-stripes has-medium-font-size\"><table><thead><tr><th class=\"has-text-align-left\" data-align=\"left\"><strong>Mail Golf<\/strong><sup><\/sup><\/th><th class=\"has-text-align-left\" data-align=\"left\"><strong>T\u00e9l\u00e9phone Golf<\/strong><\/th><th class=\"has-text-align-left\" data-align=\"left\"><strong>Responsable senior<\/strong><\/th><\/tr><\/thead><tbody><tr><td class=\"has-text-align-left\" data-align=\"left\"><a href=\"mailto:golf@chateau-augerville.com?subject=Subject\">Augerville<\/a><\/td><td class=\"has-text-align-left\" data-align=\"left\">02 38 32 12 07<\/td><td class=\"has-text-align-left\" data-align=\"left\"><a href=\"mailto:patrick.pougat5@orange.fr?subject=Subject\">Patrick POUGAT<\/a><\/td><\/tr><tr><td class=\"has-text-align-left\" data-align=\"left\"><a href=\"mailto:contact@gardengolf-bourges.fr?subject=Subject\">Bourges<\/a><\/td><td class=\"has-text-align-left\" data-align=\"left\">02 48 21 20 01<\/td><td class=\"has-text-align-left\" data-align=\"left\"><a href=\"mailto:vero3m@wanadoo.fr?subject=Subject\">V\u00e9ronique MOINDROT<\/a><\/td><\/tr><tr><td class=\"has-text-align-left\" data-align=\"left\"><a href=\"mailto:contact@golf-cheverny.com?subject=Subject\">Cheverny<\/a><\/td><td class=\"has-text-align-left\" data-align=\"left\">02 54 79 24 70<\/td><td class=\"has-text-align-left\" data-align=\"left\"><a href=\"mailto:domouvea@gmail.com?subject=Subject\">Dominique ROGER<\/a><\/td><\/tr><tr><td class=\"has-text-align-left\" data-align=\"left\"><a href=\"mailto:direction@golfdonnery.com?subject=Subject\">Donnery<\/a><\/td><td class=\"has-text-align-left\" data-align=\"left\">02 38 59 25 15<\/td><td class=\"has-text-align-left\" data-align=\"left\"><a href=\"mailto:vincentberge@me.com?subject=Subject\">Vincent BERGE<\/a><\/td><\/tr><tr><td class=\"has-text-align-left\" data-align=\"left\"><a href=\"mailto:golfdelabosse@orange.fr?subject=Subject\">La Bosse<\/a><\/td><td class=\"has-text-align-left\" data-align=\"left\">02 54 23 02 60<\/td><td class=\"has-text-align-left\" data-align=\"left\"><a href=\"mailto:Bruno.baccary@wanadoo.fr?subject=Subject\">Bruno BACCARY<\/a><\/td><\/tr><tr><td class=\"has-text-align-left\" data-align=\"left\"><a href=\"mailto:reception@golf-hotel-la-carte.fr?subject=Subject\">La Carte<\/a><\/td><td class=\"has-text-align-left\" data-align=\"left\">02 54 20 49 00<\/td><td class=\"has-text-align-left\" data-align=\"left\"><a href=\"mailto:patricklandry1964@gmail.com?subject=Subject\">Patrick LANDRY<\/a><\/td><\/tr><tr><td class=\"has-text-align-left\" data-align=\"left\"><a href=\"mailto:contact@golfdelapicardiere.com?subject=Subject\">La Picardi\u00e8re<\/a><\/td><td class=\"has-text-align-left\" data-align=\"left\">02 48 75 21 43<\/td><td class=\"has-text-align-left\" data-align=\"left\"><a href=\"mailto:jouvejeanpierre686@gmail.com?subject=Subject\">Jean-Pierre JOUVE<\/a><\/td><\/tr><tr><td class=\"has-text-align-left\" data-align=\"left\"><a href=\"mailto:direction@golflimere.com?subject=Subject\">Lim\u00e8re<\/a><\/td><td class=\"has-text-align-left\" data-align=\"left\">02 38 63 89 40<\/td><td class=\"has-text-align-left\" data-align=\"left\"><a href=\"mailto:guy.zuckerman@wanadoo.fr?subject=Subject\">Guy ZUCKERMAN<\/a><\/td><\/tr><tr><td class=\"has-text-align-left\" data-align=\"left\"><a href=\"mailto:golf@marcilly.com?subject=Subject\">Marcilly<\/a><\/td><td class=\"has-text-align-left\" data-align=\"left\">02 38 76 11 73<\/td><td class=\"has-text-align-left\" data-align=\"left\"><a href=\"mailto:joelbrigittegirard@laposte.net?subject=Subject\">Jo\u00ebl GIRARD<\/a><\/td><\/tr><tr><td class=\"has-text-align-left\" data-align=\"left\"><a href=\"mailto:legolfdesetoiles@gmail.com?subject=Subject\">Nan\u00e7ay<\/a><\/td><td class=\"has-text-align-left\" data-align=\"left\">02 48 51 86 55<\/td><td class=\"has-text-align-left\" data-align=\"left\"><a href=\"mailto:legolfdesetoiles@gmail.com?subject=Subject\">Martin PAVON<\/a><\/td><\/tr><tr><td class=\"has-text-align-left\" data-align=\"left\"><a href=\"mailto:info@roncemay.com?subject=Subject\">Roncemay<\/a><\/td><td class=\"has-text-align-left\" data-align=\"left\">03 86 73 50 50<\/td><td class=\"has-text-align-left\" data-align=\"left\"><a href=\"mailto:mercier.sjl@orange.fr?subject=Subject\">Serge MERCIER<\/a><\/td><\/tr><tr><td class=\"has-text-align-left\" data-align=\"left\"><a href=\"mailto:golf.sancerre@wanadoo.fr?subject=Subject\">Sancerre<\/a><\/td><td class=\"has-text-align-left\" data-align=\"left\">02 48 54 11 22<\/td><td class=\"has-text-align-left\" data-align=\"left\"><a href=\"mailto:ahcene@orange.fr?subject=Subject\">Ahcene AKOUCHE<\/a><\/td><\/tr><tr><td class=\"has-text-align-left\" data-align=\"left\"><a href=\"mailto:golfdesully@orange.fr?subject=Subject\">Sully<\/a><\/td><td class=\"has-text-align-left\" data-align=\"left\">02 38 36 52 08<\/td><td class=\"has-text-align-left\" data-align=\"left\"><a href=\"mailto:pighetti.b@wanadoo.fr?subject=Subject\">Bruno PIGHETTI<\/a><\/td><\/tr><tr><td class=\"has-text-align-left\" data-align=\"left\"><a href=\"mailto:golfvaldelindre@gmail.com?subject=Subject\">Val de l&rsquo;Indre<\/a><\/td><td class=\"has-text-align-left\" data-align=\"left\">02 54 26 59 44<\/td><td class=\"has-text-align-left\" data-align=\"left\"><a href=\"mailto:golfvaldelindre@gmail.com?subject=Subject\">Patrick CREPIN<\/a><\/td><\/tr><tr><td class=\"has-text-align-left\" data-align=\"left\"><a href=\"mailto:golf@vaugouard.com?subject=Subject\">Vaugouard<\/a><\/td><td class=\"has-text-align-left\" data-align=\"left\">02 38 89 79 00<\/td><td class=\"has-text-align-left\" data-align=\"left\"><a href=\"mailto:sandro.antonini52@orange.fr?subject=Subject\">Sandro ANTONINI<\/a><\/td><\/tr><\/tbody><\/table><\/figure>\n<\/div>\n<\/div>\n\n\n","protected":false},"excerpt":{"rendered":"<p>Un responsable Seniors, membre du conseil d\u2019administration, est d\u00e9sign\u00e9 dans chaque golf.Contactez-le pour tout renseignement concernant notre Amicale. En cas [&hellip;]<\/p>\n","protected":false},"author":1,"featured_media":0,"parent":0,"menu_order":0,"comment_status":"closed","ping_status":"closed","template":"","meta":{"site-sidebar-layout":"no-sidebar","site-content-layout":"plain-container","ast-site-content-layout":"default","site-content-style":"default","site-sidebar-style":"default","ast-global-header-display":"","ast-banner-title-visibility":"","ast-main-header-display":"","ast-hfb-above-header-display":"","ast-hfb-below-header-display":"","ast-hfb-mobile-header-display":"","site-post-title":"","ast-breadcrumbs-content":"","ast-featured-img":"disabled","footer-sml-layout":"","ast-disable-related-posts":"","theme-transparent-header-meta":"","adv-header-id-meta":"","stick-header-meta":"","header-above-stick-meta":"","header-main-stick-meta":"","header-below-stick-meta":"","astra-migrate-meta-layouts":"default","ast-page-background-enabled":"default","ast-page-background-meta":{"desktop":{"background-color":"var(--ast-global-color-5)","background-image":"","background-repeat":"repeat","background-position":"center center","background-size":"auto","background-attachment":"scroll","background-type":"","background-media":"","overlay-type":"","overlay-color":"","overlay-opacity":"","overlay-gradient":""},"tablet":{"background-color":"","background-image":"","background-repeat":"repeat","background-position":"center center","background-size":"auto","background-attachment":"scroll","background-type":"","background-media":"","overlay-type":"","overlay-color":"","overlay-opacity":"","overlay-gradient":""},"mobile":{"background-color":"","background-image":"","background-repeat":"repeat","background-position":"center center","background-size":"auto","background-attachment":"scroll","background-type":"","background-media":"","overlay-type":"","overlay-color":"","overlay-opacity":"","overlay-gradient":""}},"ast-content-background-meta":{"desktop":{"background-color":"var(--ast-global-color-4)","background-image":"","background-repeat":"repeat","background-position":"center center","background-size":"auto","background-attachment":"scroll","background-type":"","background-media":"","overlay-type":"","overlay-color":"","overlay-opacity":"","overlay-gradient":""},"tablet":{"background-color":"var(--ast-global-color-4)","background-image":"","background-repeat":"repeat","background-position":"center center","background-size":"auto","background-attachment":"scroll","background-type":"","background-media":"","overlay-type":"","overlay-color":"","overlay-opacity":"","overlay-gradient":""},"mobile":{"background-color":"var(--ast-global-color-4)","background-image":"","background-repeat":"repeat","background-position":"center center","background-size":"auto","background-attachment":"scroll","background-type":"","background-media":"","overlay-type":"","overlay-color":"","overlay-opacity":"","overlay-gradient":""}},"footnotes":""},"class_list":["post-194","page","type-page","status-publish","hentry"],"_links":{"self":[{"href":"https:\/\/www.amicale-golf-seniors-45.com\/index.php\/wp-json\/wp\/v2\/pages\/194","targetHints":{"allow":["GET"]}}],"collection":[{"href":"https:\/\/www.amicale-golf-seniors-45.com\/index.php\/wp-json\/wp\/v2\/pages"}],"about":[{"href":"https:\/\/www.amicale-golf-seniors-45.com\/index.php\/wp-json\/wp\/v2\/types\/page"}],"author":[{"embeddable":true,"href":"https:\/\/www.amicale-golf-seniors-45.com\/index.php\/wp-json\/wp\/v2\/users\/1"}],"replies":[{"embeddable":true,"href":"https:\/\/www.amicale-golf-seniors-45.com\/index.php\/wp-json\/wp\/v2\/comments?post=194"}],"version-history":[{"count":91,"href":"https:\/\/www.amicale-golf-seniors-45.com\/index.php\/wp-json\/wp\/v2\/pages\/194\/revisions"}],"predecessor-version":[{"id":6009,"href":"https:\/\/www.amicale-golf-seniors-45.com\/index.php\/wp-json\/wp\/v2\/pages\/194\/revisions\/6009"}],"wp:attachment":[{"href":"https:\/\/www.amicale-golf-seniors-45.com\/index.php\/wp-json\/wp\/v2\/media?parent=194"}],"curies":[{"name":"wp","href":"https:\/\/api.w.org\/{rel}","templated":true}]}}