{"id":229,"date":"2017-02-15T14:08:47","date_gmt":"2017-02-15T13:08:47","guid":{"rendered":"http:\/\/devgolf45.fr\/?page_id=229"},"modified":"2024-12-20T10:59:54","modified_gmt":"2024-12-20T09:59:54","slug":"augerville-cheverny-clairis","status":"publish","type":"page","link":"https:\/\/www.amicale-golf-seniors-45.com\/index.php\/augerville-cheverny-clairis\/","title":{"rendered":"Augerville, Cheverny, Val de l&rsquo;Indre"},"content":{"rendered":"<table style=\"width: 850.717px;\">\n<tbody>\n<tr>\n<td style=\"width: 517.717px;\"><strong>Golf du Ch\u00e2teau d\u2019Augerville<\/strong><img loading=\"lazy\" decoding=\"async\" class=\"alignright wp-image-454 \" src=\"http:\/\/www.amicale-golf-seniors-45.com\/wp-content\/uploads\/2017\/03\/Augerville.jpg\" alt=\"\" width=\"150\" height=\"150\" srcset=\"https:\/\/www.amicale-golf-seniors-45.com\/wp-content\/uploads\/2017\/03\/Augerville.jpg 225w, https:\/\/www.amicale-golf-seniors-45.com\/wp-content\/uploads\/2017\/03\/Augerville-150x150.jpg 150w\" sizes=\"auto, (max-width: 150px) 100vw, 150px\" \/><br \/>\nPlace du Ch\u00e2teau,<br \/>\n45330 Augerville-la-Rivi\u00e8re<br \/>\nT\u00e9l. 02 38 32 12 07<br \/>\nMail. golf@chateau-augerville.com<br \/>\nWeb.\u00a0<a href=\"http:\/\/www.chateau-augerville.com\" target=\"_blank\" rel=\"noopener\">www.chateau-augerville.com<br \/>\n<\/a>Un magnifique golf vallonn\u00e9 de 18 trous, par 72 long de 5748m aux d\u00e9parts des jaunes et 4809m des rouges<\/td>\n<td style=\"width: 317px;\">\u00a0<img loading=\"lazy\" decoding=\"async\" class=\"alignnone wp-image-230 size-medium\" src=\"https:\/\/www.amicale-golf-seniors-45.com\/wp-content\/uploads\/2017\/02\/augerville-300x200.jpg\" alt=\"\" width=\"300\" height=\"200\" srcset=\"https:\/\/www.amicale-golf-seniors-45.com\/wp-content\/uploads\/2017\/02\/augerville-300x200.jpg 300w, https:\/\/www.amicale-golf-seniors-45.com\/wp-content\/uploads\/2017\/02\/augerville.jpg 500w\" sizes=\"auto, (max-width: 300px) 100vw, 300px\" \/><\/td>\n<\/tr>\n<\/tbody>\n<\/table>\n<table style=\"width: 852.917px;\">\n<tbody>\n<tr>\n<td style=\"width: 518px;\"><strong>Golf de Cheverny<\/strong><img loading=\"lazy\" decoding=\"async\" class=\"wp-image-319 alignright\" src=\"https:\/\/www.amicale-golf-seniors-45.com\/wp-content\/uploads\/2017\/02\/Cheverny.png\" alt=\"\" width=\"137\" height=\"138\" srcset=\"https:\/\/www.amicale-golf-seniors-45.com\/wp-content\/uploads\/2017\/02\/Cheverny.png 224w, https:\/\/www.amicale-golf-seniors-45.com\/wp-content\/uploads\/2017\/02\/Cheverny-150x150.png 150w\" sizes=\"auto, (max-width: 137px) 100vw, 137px\" \/><br \/>\nLa Rousseli\u00e8re<br \/>\n41700 Cheverny<br \/>\nT\u00e9l. 02 54 79 24 70<br \/>\nMail. contact@golf-cheverny.com<br \/>\nWeb. <a href=\"http:\/\/www.golf-cheverny.com\" target=\"_blank\" rel=\"noopener\">www.golf-cheverny.com<\/a><br \/>\nAutour de l\u2019immense \u00e9tang de la Rousseli\u00e8re, le parcours, par 72, est long de 5587m du d\u00e9part des jaunes et 4600m des rouges<\/td>\n<td style=\"width: 317.917px;\">\u00a0<img loading=\"lazy\" decoding=\"async\" class=\"alignnone wp-image-231 \" src=\"https:\/\/www.amicale-golf-seniors-45.com\/wp-content\/uploads\/2017\/02\/cheverny-300x200.jpg\" alt=\"\" width=\"306\" height=\"204\" srcset=\"https:\/\/www.amicale-golf-seniors-45.com\/wp-content\/uploads\/2017\/02\/cheverny-300x200.jpg 300w, https:\/\/www.amicale-golf-seniors-45.com\/wp-content\/uploads\/2017\/02\/cheverny.jpg 742w\" sizes=\"auto, (max-width: 306px) 100vw, 306px\" \/><\/td>\n<\/tr>\n<\/tbody>\n<\/table>\n<table style=\"width: 854.933px;\">\n<tbody>\n<tr>\n<td style=\"width: 518px;\"><strong>Golf du Val de l&rsquo;Indre<\/strong><img loading=\"lazy\" decoding=\"async\" class=\"wp-image-4457  alignright\" src=\"https:\/\/www.amicale-golf-seniors-45.com\/wp-content\/uploads\/2024\/11\/logo_Val-de-lindre-1.png\" alt=\"\" width=\"135\" height=\"121\" \/><br \/>\n85 rue du Gl de Gaulle 36320 Villedieu s\/Indre<br \/>\nT\u00e9l. 02 54 26 59 44<br \/>\nMail. clients@golfvaldelindre.fr<br \/>\nWeb. <a href=\"https:\/\/www.golfvaldelindre.fr\/\">www.golfvaldelindre.fr\/<\/a><br \/>\nSur les anciennes terres du Ch\u00e2teau de Villedieu, parcours de 18 trous, par 72 de 6132m, domaine abritant de nombreux c\u00e8dres et ch\u00eanes centenaires.<\/td>\n<td style=\"width: 320.933px;\">\u00a0<img loading=\"lazy\" decoding=\"async\" class=\"alignnone wp-image-4458 \" src=\"https:\/\/www.amicale-golf-seniors-45.com\/wp-content\/uploads\/2024\/11\/VDI-420x280-Info-300x200.jpg\" alt=\"\" width=\"306\" height=\"204\" srcset=\"https:\/\/www.amicale-golf-seniors-45.com\/wp-content\/uploads\/2024\/11\/VDI-420x280-Info-300x200.jpg 300w, https:\/\/www.amicale-golf-seniors-45.com\/wp-content\/uploads\/2024\/11\/VDI-420x280-Info.jpg 420w\" sizes=\"auto, (max-width: 306px) 100vw, 306px\" \/><\/td>\n<\/tr>\n<\/tbody>\n<\/table>\n","protected":false},"excerpt":{"rendered":"<p>Golf du Ch\u00e2teau d\u2019Augerville Place du Ch\u00e2teau, 45330 Augerville-la-Rivi\u00e8re T\u00e9l. 02 38 32 12 07 Mail. golf@chateau-augerville.com Web.\u00a0www.chateau-augerville.com Un magnifique golf vallonn\u00e9 de 18 trous, par 72 long de 5748m aux d\u00e9parts des jaunes et 4809m des rouges \u00a0 Golf de Cheverny La Rousseli\u00e8re 41700 Cheverny T\u00e9l. 02 54 79 24 70 Mail. contact@golf-cheverny.com Web. [&hellip;]<\/p>\n","protected":false},"author":1,"featured_media":0,"parent":0,"menu_order":0,"comment_status":"closed","ping_status":"closed","template":"","meta":{"footnotes":""},"class_list":["post-229","page","type-page","status-publish","hentry"],"_links":{"self":[{"href":"https:\/\/www.amicale-golf-seniors-45.com\/index.php\/wp-json\/wp\/v2\/pages\/229","targetHints":{"allow":["GET"]}}],"collection":[{"href":"https:\/\/www.amicale-golf-seniors-45.com\/index.php\/wp-json\/wp\/v2\/pages"}],"about":[{"href":"https:\/\/www.amicale-golf-seniors-45.com\/index.php\/wp-json\/wp\/v2\/types\/page"}],"author":[{"embeddable":true,"href":"https:\/\/www.amicale-golf-seniors-45.com\/index.php\/wp-json\/wp\/v2\/users\/1"}],"replies":[{"embeddable":true,"href":"https:\/\/www.amicale-golf-seniors-45.com\/index.php\/wp-json\/wp\/v2\/comments?post=229"}],"version-history":[{"count":21,"href":"https:\/\/www.amicale-golf-seniors-45.com\/index.php\/wp-json\/wp\/v2\/pages\/229\/revisions"}],"predecessor-version":[{"id":4595,"href":"https:\/\/www.amicale-golf-seniors-45.com\/index.php\/wp-json\/wp\/v2\/pages\/229\/revisions\/4595"}],"wp:attachment":[{"href":"https:\/\/www.amicale-golf-seniors-45.com\/index.php\/wp-json\/wp\/v2\/media?parent=229"}],"curies":[{"name":"wp","href":"https:\/\/api.w.org\/{rel}","templated":true}]}}