{"id":234,"date":"2017-02-15T14:10:48","date_gmt":"2017-02-15T13:10:48","guid":{"rendered":"http:\/\/devgolf45.fr\/?page_id=234"},"modified":"2026-05-05T14:33:17","modified_gmt":"2026-05-05T12:33:17","slug":"donnery-bosse-carte","status":"publish","type":"page","link":"https:\/\/www.amicale-golf-seniors-45.com\/index.php\/donnery-bosse-carte\/","title":{"rendered":"Donnery, La Bosse, Bourges"},"content":{"rendered":"<table style=\"width: 834px;\">\n<tbody>\n<tr>\n<td style=\"width: 513.683px;\"><strong>Golf de Donnery<\/strong><img loading=\"lazy\" decoding=\"async\" class=\"wp-image-2183 alignright\" src=\"https:\/\/www.amicale-golf-seniors-45.com\/wp-content\/uploads\/2020\/07\/Donnery-300x300.png\" alt=\"\" width=\"153\" height=\"153\" srcset=\"https:\/\/www.amicale-golf-seniors-45.com\/wp-content\/uploads\/2020\/07\/Donnery-300x300.png 300w, https:\/\/www.amicale-golf-seniors-45.com\/wp-content\/uploads\/2020\/07\/Donnery-150x150.png 150w, https:\/\/www.amicale-golf-seniors-45.com\/wp-content\/uploads\/2020\/07\/Donnery-768x768.png 768w, https:\/\/www.amicale-golf-seniors-45.com\/wp-content\/uploads\/2020\/07\/Donnery-1024x1024.png 1024w, https:\/\/www.amicale-golf-seniors-45.com\/wp-content\/uploads\/2020\/07\/Donnery.png 1638w\" sizes=\"auto, (max-width: 153px) 100vw, 153px\" \/><br \/>\nDomaine de la Touche<br \/>\n45450 Donnery<br \/>\nT\u00e9l. 02 38 59 25 15<br \/>\nMail. accueil@golfdonnery.com<br \/>\nWeb. <a href=\"https:\/\/gaiaconcept-centre.fr\/le-golf-donnery\/\">le-golf-donnery<\/a><a href=\"http:\/\/www.golf-orleans-donnery.fr\" target=\"_blank\" rel=\"noopener noreferrer\"><br \/>\n<\/a>Le golf par 72 est long de 5591m du d\u00e9parts des jaunes et de 4802m des rouges<\/td>\n<td style=\"width: 307.317px;\">\u00a0<img loading=\"lazy\" decoding=\"async\" class=\"alignright wp-image-438 size-medium\" src=\"https:\/\/www.amicale-golf-seniors-45.com\/wp-content\/uploads\/2017\/02\/Donnery-info-golf-300x200.jpg\" alt=\"\" width=\"300\" height=\"200\" srcset=\"https:\/\/www.amicale-golf-seniors-45.com\/wp-content\/uploads\/2017\/02\/Donnery-info-golf-300x200.jpg 300w, https:\/\/www.amicale-golf-seniors-45.com\/wp-content\/uploads\/2017\/02\/Donnery-info-golf.jpg 745w\" sizes=\"auto, (max-width: 300px) 100vw, 300px\" \/><\/td>\n<\/tr>\n<\/tbody>\n<\/table>\n<table style=\"width: 835px;\">\n<tbody>\n<tr>\n<td style=\"width: 511.183px;\"><strong>Golf de La Bosse<\/strong><img loading=\"lazy\" decoding=\"async\" class=\"alignright wp-image-322 \" src=\"https:\/\/www.amicale-golf-seniors-45.com\/wp-content\/uploads\/2017\/02\/La-Bosse-300x189.jpg\" alt=\"\" width=\"220\" height=\"139\" srcset=\"https:\/\/www.amicale-golf-seniors-45.com\/wp-content\/uploads\/2017\/02\/La-Bosse-300x189.jpg 300w, https:\/\/www.amicale-golf-seniors-45.com\/wp-content\/uploads\/2017\/02\/La-Bosse.jpg 500w\" sizes=\"auto, (max-width: 220px) 100vw, 220px\" \/><br \/>\nFerme \u00ab la Guignardi\u00e8re \u00bb<br \/>\n41290 &#8211; La Bosse Vi\u00e9vy-le-Ray\u00e9<br \/>\nT\u00e9l. 02 54 23 02 60<br \/>\nMail. golfdelabosse@orange.fr<br \/>\nWeb.\u00a0<a href=\"http:\/\/www.labosse.com\" target=\"_blank\" rel=\"noopener noreferrer\">www.labosse.com<\/a><br \/>\nAu c\u0153ur des ch\u00e2teaux de la Loire, le parcours de 9 trous par 36 est long de 5648m du d\u00e9part des jaunes et de 4809m des rouges<\/td>\n<td style=\"width: 306.817px;\">\u00a0<img loading=\"lazy\" decoding=\"async\" class=\"alignright wp-image-236 size-medium\" src=\"https:\/\/www.amicale-golf-seniors-45.com\/wp-content\/uploads\/2017\/02\/labosse-300x200.jpg\" alt=\"\" width=\"300\" height=\"200\" srcset=\"https:\/\/www.amicale-golf-seniors-45.com\/wp-content\/uploads\/2017\/02\/labosse-300x200.jpg 300w, https:\/\/www.amicale-golf-seniors-45.com\/wp-content\/uploads\/2017\/02\/labosse.jpg 742w, https:\/\/www.amicale-golf-seniors-45.com\/wp-content\/uploads\/2017\/02\/labosse-600x400.jpg 600w\" sizes=\"auto, (max-width: 300px) 100vw, 300px\" \/><\/td>\n<\/tr>\n<\/tbody>\n<\/table>\n<table style=\"width: 835px;\">\n<tbody>\n<tr>\n<td style=\"width: 512px;\"><strong>Golf de Bourges<img loading=\"lazy\" decoding=\"async\" class=\"wp-image-2076 alignright\" src=\"https:\/\/www.amicale-golf-seniors-45.com\/wp-content\/uploads\/2019\/12\/Logo-Bourges-300x212.jpg\" alt=\"\" width=\"210\" height=\"148\" srcset=\"https:\/\/www.amicale-golf-seniors-45.com\/wp-content\/uploads\/2019\/12\/Logo-Bourges-300x212.jpg 300w, https:\/\/www.amicale-golf-seniors-45.com\/wp-content\/uploads\/2019\/12\/Logo-Bourges-768x543.jpg 768w, https:\/\/www.amicale-golf-seniors-45.com\/wp-content\/uploads\/2019\/12\/Logo-Bourges.jpg 842w\" sizes=\"auto, (max-width: 210px) 100vw, 210px\" \/><\/strong><br \/>\n16 rue Jacques Becker<br \/>\n18000 &#8211; Bourges<br \/>\nT\u00e9l. 02 48 21 20 01<br \/>\nMail. contact.bourges@ugolf.eu<br \/>\nWeb. <a href=\"https:\/\/jouer.golf\/bourges\/\" target=\"_blank\" rel=\"noopener noreferrer\">www.jouer.golf\/bourges<\/a><br \/>\nD\u2019une distance de 5777 m\u00e8tres des d\u00e9parts arri\u00e8re (par 72), le parcours offre une belle palette de difficult\u00e9s.<\/td>\n<td style=\"width: 310px;\"><img loading=\"lazy\" decoding=\"async\" class=\"alignright\" src=\"https:\/\/www.amicale-golf-seniors-45.com\/wp-content\/uploads\/2019\/12\/Bourges.jpg\" width=\"301\" height=\"199\" \/><\/td>\n<\/tr>\n<\/tbody>\n<\/table>\n","protected":false},"excerpt":{"rendered":"<p>Golf de Donnery Domaine de la Touche 45450 Donnery T\u00e9l. 02 38 59 25 15 Mail. accueil@golfdonnery.com Web. le-golf-donnery Le [&hellip;]<\/p>\n","protected":false},"author":1,"featured_media":0,"parent":0,"menu_order":0,"comment_status":"closed","ping_status":"closed","template":"","meta":{"site-sidebar-layout":"default","site-content-layout":"","ast-site-content-layout":"default","site-content-style":"default","site-sidebar-style":"default","ast-global-header-display":"","ast-banner-title-visibility":"","ast-main-header-display":"","ast-hfb-above-header-display":"","ast-hfb-below-header-display":"","ast-hfb-mobile-header-display":"","site-post-title":"","ast-breadcrumbs-content":"","ast-featured-img":"","footer-sml-layout":"","ast-disable-related-posts":"","theme-transparent-header-meta":"","adv-header-id-meta":"","stick-header-meta":"","header-above-stick-meta":"","header-main-stick-meta":"","header-below-stick-meta":"","astra-migrate-meta-layouts":"default","ast-page-background-enabled":"default","ast-page-background-meta":{"desktop":{"background-color":"var(--ast-global-color-5)","background-image":"","background-repeat":"repeat","background-position":"center center","background-size":"auto","background-attachment":"scroll","background-type":"","background-media":"","overlay-type":"","overlay-color":"","overlay-opacity":"","overlay-gradient":""},"tablet":{"background-color":"","background-image":"","background-repeat":"repeat","background-position":"center center","background-size":"auto","background-attachment":"scroll","background-type":"","background-media":"","overlay-type":"","overlay-color":"","overlay-opacity":"","overlay-gradient":""},"mobile":{"background-color":"","background-image":"","background-repeat":"repeat","background-position":"center center","background-size":"auto","background-attachment":"scroll","background-type":"","background-media":"","overlay-type":"","overlay-color":"","overlay-opacity":"","overlay-gradient":""}},"ast-content-background-meta":{"desktop":{"background-color":"var(--ast-global-color-4)","background-image":"","background-repeat":"repeat","background-position":"center center","background-size":"auto","background-attachment":"scroll","background-type":"","background-media":"","overlay-type":"","overlay-color":"","overlay-opacity":"","overlay-gradient":""},"tablet":{"background-color":"var(--ast-global-color-4)","background-image":"","background-repeat":"repeat","background-position":"center center","background-size":"auto","background-attachment":"scroll","background-type":"","background-media":"","overlay-type":"","overlay-color":"","overlay-opacity":"","overlay-gradient":""},"mobile":{"background-color":"var(--ast-global-color-4)","background-image":"","background-repeat":"repeat","background-position":"center center","background-size":"auto","background-attachment":"scroll","background-type":"","background-media":"","overlay-type":"","overlay-color":"","overlay-opacity":"","overlay-gradient":""}},"footnotes":""},"class_list":["post-234","page","type-page","status-publish","hentry"],"_links":{"self":[{"href":"https:\/\/www.amicale-golf-seniors-45.com\/index.php\/wp-json\/wp\/v2\/pages\/234","targetHints":{"allow":["GET"]}}],"collection":[{"href":"https:\/\/www.amicale-golf-seniors-45.com\/index.php\/wp-json\/wp\/v2\/pages"}],"about":[{"href":"https:\/\/www.amicale-golf-seniors-45.com\/index.php\/wp-json\/wp\/v2\/types\/page"}],"author":[{"embeddable":true,"href":"https:\/\/www.amicale-golf-seniors-45.com\/index.php\/wp-json\/wp\/v2\/users\/1"}],"replies":[{"embeddable":true,"href":"https:\/\/www.amicale-golf-seniors-45.com\/index.php\/wp-json\/wp\/v2\/comments?post=234"}],"version-history":[{"count":27,"href":"https:\/\/www.amicale-golf-seniors-45.com\/index.php\/wp-json\/wp\/v2\/pages\/234\/revisions"}],"predecessor-version":[{"id":6052,"href":"https:\/\/www.amicale-golf-seniors-45.com\/index.php\/wp-json\/wp\/v2\/pages\/234\/revisions\/6052"}],"wp:attachment":[{"href":"https:\/\/www.amicale-golf-seniors-45.com\/index.php\/wp-json\/wp\/v2\/media?parent=234"}],"curies":[{"name":"wp","href":"https:\/\/api.w.org\/{rel}","templated":true}]}}