{"id":34,"date":"2017-01-17T20:37:36","date_gmt":"2017-01-17T19:37:36","guid":{"rendered":"http:\/\/devgolf45.fr\/?page_id=34"},"modified":"2025-06-08T10:34:55","modified_gmt":"2025-06-08T08:34:55","slug":"reglement","status":"publish","type":"page","link":"https:\/\/www.amicale-golf-seniors-45.com\/index.php\/reglement\/","title":{"rendered":"R\u00e9glement"},"content":{"rendered":"<p>[vc_row][vc_column][vc_column_text]<strong><u>JOUEURS<\/u><\/strong><\/p>\n<p>Le joueur doit r\u00e9pondre \u00e0 l\u2019ensemble des crit\u00e8res suivants\u00a0:<\/p>\n<ul>\n<li>\u00eatre membre AS et abonn\u00e9 dans un des golfs partenaires,<\/li>\n<li>\u00eatre licenci\u00e9 de la FFG dans un des golfs partenaires ou une association de golf autoris\u00e9e par le bureau (\u00e0 ce jour : CSA, BA123, ASOA, ASPO Bourges, IBM Orl\u00e9ans, 2FOpen, Roto-sports Cheverny, DIOR),<\/li>\n<li>\u00eatre titulaire d\u2019un certificat m\u00e9dical de non-contre indication \u00e0 la pratique du golf en comp\u00e9tition,<\/li>\n<li>avoir 50 ans ou plus la veille de l\u2019\u00e9preuve,<\/li>\n<li>avoir un index inf\u00e9rieur ou \u00e9gal \u00e0 45.<\/li>\n<\/ul>\n<p><strong><u>CATEGORIES<\/u><\/strong><\/p>\n<p>Dames : une seule s\u00e9rie : 0 \u00e0 45 &#8211; handicap de jeu limit\u00e9 \u00e0 36 \u2013 D\u00e9parts rep\u00e8res rouges ou violets<\/p>\n<p>Messieurs : 1\u00e8re s\u00e9rie : 0 \u00e0 21,0 &#8211; D\u00e9parts rep\u00e8res jaunes ou bleus<\/p>\n<p>2\u00e8me s\u00e9rie : 21,1 \u00e0 45 \u2013 handicap de jeu limit\u00e9 \u00e0 36 \u2013 D\u00e9parts rep\u00e8res jaunes ou bleus<\/p>\n<p>Nota : Lors de sa premi\u00e8re participation de l&rsquo;ann\u00e9e, un joueur peut choisir les rep\u00e8res de d\u00e9part : normaux (dames rouges, messieurs jaunes) ou avanc\u00e9s (dames violets, messieurs bleus), quel que soit son \u00e2ge et son index. <strong>En revanche, ce choix sera appliqu\u00e9 \u00e0 toutes les \u00e9preuves de l&rsquo;ann\u00e9e.<\/strong><\/p>\n<p><strong><u>CLASSEMENT FINAL<\/u><\/strong><\/p>\n<p>La formule de jeu est en STABLEFORD, le classement de chaque \u00e9preuve se fait en prenant le r\u00e9sultat du score net de chaque joueur, pour chaque s\u00e9rie d\u2019index et quel que soit le rep\u00e8re des d\u00e9parts.<br \/>\nLe classement final se fait en retenant les quinze meilleures comp\u00e9titions de l\u2019ann\u00e9e pour chaque joueur, et en cumulant leurs <strong>points en net<\/strong>.<\/p>\n<p>Un classement subsidiaire de fin de saison, totalement ind\u00e9pendant du pr\u00e9c\u00e8dent, se fait en cumulant les scores bruts des comp\u00e9titions de l\u2019ann\u00e9e, par s\u00e9rie, pour les joueurs partant des rep\u00e8res normaux (rouges pour les dames et jaunes pour les messieurs).<\/p>\n<p><strong style=\"font-size: revert; color: initial;\"><u>INSCRIPTIONS<\/u><\/strong><\/p>\n<p>Elles se font en ligne, sur le site de l&rsquo;Amicale, jusqu\u2019au lundi pr\u00e9c\u00e9dant la comp\u00e9tition, 14h00 au plus tard.<\/p>\n<p>Le champ est limit\u00e9 normalement \u00e0 114 joueurs pour les golfs de 18T et 42 joueurs pour les golfs de 9T. Les inscriptions au-del\u00e0 de ces limites seront en liste d&rsquo;attente (charge au joueur de v\u00e9rifier la liste des d\u00e9parts, pour savoir s\u2019il participe ou non \u00e0 la comp\u00e9tition).<\/p>\n<p>La liste des inscrits est disponible sur le site de l&rsquo;Amicale.<\/p>\n<p>Les d\u00e9parts sont faits et envoy\u00e9s sur le site de la FFG le mardi et publi\u00e9s en ligne, ils sont accessibles, par chaque joueur engag\u00e9, sur son espace licenci\u00e9.<\/p>\n<p><strong><u>ATTENTION<\/u><\/strong><\/p>\n<p>Tout joueur ne se pr\u00e9sentant pas \u00e0 son d\u00e9part, sans avoir averti le golf organisateur sera <strong>disqualifi\u00e9<\/strong> et exclu des comp\u00e9titions de l\u2019Amicale, <u>les 4 jeudis suivants<\/u>.<\/p>\n<p>Tout joueur d\u00e9clarant forfait apr\u00e8s la publication des d\u00e9parts sur le site de la FFG, sera d\u00e9clar\u00e9 <strong>forfait<\/strong> et exclu de la comp\u00e9tition de l\u2019Amicale, <u>le jeudi suivant<\/u>.<\/p>\n<p>La gestion de ces exclusions sera \u00e0 la charge de l\u2019Amicale, qui informera les golfs organisateurs.<\/p>\n<p><strong><u>REMISE DES PRIX<\/u><\/strong><\/p>\n<p>Si un partenaire sponsorise une \u00e9preuve, seuls les joueurs pr\u00e9sents \u00e0 la remise des prix seront r\u00e9compens\u00e9s.\u00a0 En cas d\u2019absence, les lots seront remis au joueur suivant.<\/p>\n<p>Tirage au sort\u00a0: une nouvelle carte sera tir\u00e9e en cas d\u2019absence du joueur.<\/p>\n<p><strong><u>REGLEMENTATION POUR LES COMPETITIONS DE L\u2019AMICALE <\/u><\/strong><\/p>\n<p>En compl\u00e9ment des r\u00e8gles locales permanentes f\u00e9d\u00e9rales, se rajoutent les r\u00e8gles locales du golf organisateur.<\/p>\n<p><strong><u>COUPE PALUSSIERE<\/u><\/strong><\/p>\n<p>Le challenge se d\u00e9roule sur une \u00e9preuve choisie en d\u00e9but d\u2019ann\u00e9e par le Comit\u00e9.<\/p>\n<p>Le classement est effectu\u00e9 par l\u2019addition des points Stableford en <u>net<\/u>, des 5 meilleurs scores de chaque club.<\/p>\n<p>Seuls les scores des joueurs ayant particip\u00e9 \u00e0 un <strong>minimum de trois comp\u00e9titions<\/strong> de l\u2019Amicale dans l\u2019ann\u00e9e, avant la coupe, seront pris en compte pour ce calcul.<\/p>\n<p><strong><u>TROPHEE RENE ASSELIN<\/u><\/strong><\/p>\n<p>Le troph\u00e9e se d\u00e9roule sur une \u00e9preuve du premier jeudi du mois de juin au golf de Marcilly.<\/p>\n<p>Le classement est effectu\u00e9 par l&rsquo;addition des points Stableford en cumul \u00ab brut + net \u00bb, des 3 meilleurs scores de chaque club, pour chaque s\u00e9rie.<\/p>\n<p>Seuls les scores des joueurs ayant particip\u00e9 \u00e0 un <strong>minimum de cinq comp\u00e9titions<\/strong> de l\u2019Amicale dans l\u2019ann\u00e9e et avant le Troph\u00e9e, seront pris en compte pour ce calcul.<\/p>\n<p>Le troph\u00e9e sera remis lors de la soir\u00e9e de gala de l\u2019Amicale.<\/p>\n<p><strong><u>TROPHEE JACQUES DONZEAU<\/u><\/strong><\/p>\n<p>Le troph\u00e9e se d\u00e9roule normalement lors de la derni\u00e8re comp\u00e9tition du golf de Sully et r\u00e9compense le meilleur score net de la s\u00e9rie mixte \u00ab seniors 3 \u00bb, joueuse ou joueur de 70 ans et plus.<br \/>\nLe troph\u00e9e sera d\u00e9cern\u00e9 lors de la soir\u00e9e de gala ou l\u2019assembl\u00e9e g\u00e9n\u00e9rale de l\u2019Amicale, puis conserv\u00e9 au clubhouse de Sully.<\/p>\n<p><span style=\"text-decoration: underline;\"><strong>RECOMPENSES DE FIN D\u2019ANNEE \u2013 CHALLENGE ET PARTICIPATION<\/strong><\/span><\/p>\n<p>En fin de saison, sont r\u00e9compens\u00e9s :<br \/>\n&#8211; la joueuse et le joueur ayant particip\u00e9 au plus grand nombre d\u2019\u00e9preuves du Challenge*.<br \/>\n&#8211; les joueurs ayant particip\u00e9 \u00e0 10 ou plus d&rsquo;\u00e9preuves** du Challenge suivant leur classement final.<br \/>\nLa distribution de ces lots se fait g\u00e9n\u00e9ralement lors de la soir\u00e9e gala pour le classement et en fin d\u2019ann\u00e9e pour la participation.<\/p>\n<p>* la finale ne compte pas pour le challenge &#8211; ** suivant le budget disponible[\/vc_column_text][\/vc_column][\/vc_row]<\/p>\n","protected":false},"excerpt":{"rendered":"<p>[vc_row][vc_column][vc_column_text]JOUEURS Le joueur doit r\u00e9pondre \u00e0 l\u2019ensemble des crit\u00e8res suivants\u00a0: \u00eatre membre AS et abonn\u00e9 dans un des golfs partenaires, \u00eatre licenci\u00e9 de la FFG dans un des golfs partenaires ou une association de golf autoris\u00e9e par le bureau (\u00e0 ce jour : CSA, BA123, ASOA, ASPO Bourges, IBM Orl\u00e9ans, 2FOpen, Roto-sports Cheverny, DIOR), \u00eatre [&hellip;]<\/p>\n","protected":false},"author":1,"featured_media":0,"parent":0,"menu_order":0,"comment_status":"closed","ping_status":"closed","template":"","meta":{"footnotes":""},"class_list":["post-34","page","type-page","status-publish","hentry"],"_links":{"self":[{"href":"https:\/\/www.amicale-golf-seniors-45.com\/index.php\/wp-json\/wp\/v2\/pages\/34","targetHints":{"allow":["GET"]}}],"collection":[{"href":"https:\/\/www.amicale-golf-seniors-45.com\/index.php\/wp-json\/wp\/v2\/pages"}],"about":[{"href":"https:\/\/www.amicale-golf-seniors-45.com\/index.php\/wp-json\/wp\/v2\/types\/page"}],"author":[{"embeddable":true,"href":"https:\/\/www.amicale-golf-seniors-45.com\/index.php\/wp-json\/wp\/v2\/users\/1"}],"replies":[{"embeddable":true,"href":"https:\/\/www.amicale-golf-seniors-45.com\/index.php\/wp-json\/wp\/v2\/comments?post=34"}],"version-history":[{"count":42,"href":"https:\/\/www.amicale-golf-seniors-45.com\/index.php\/wp-json\/wp\/v2\/pages\/34\/revisions"}],"predecessor-version":[{"id":5085,"href":"https:\/\/www.amicale-golf-seniors-45.com\/index.php\/wp-json\/wp\/v2\/pages\/34\/revisions\/5085"}],"wp:attachment":[{"href":"https:\/\/www.amicale-golf-seniors-45.com\/index.php\/wp-json\/wp\/v2\/media?parent=34"}],"curies":[{"name":"wp","href":"https:\/\/api.w.org\/{rel}","templated":true}]}}