{"id":36,"date":"2017-01-17T20:40:58","date_gmt":"2017-01-17T19:40:58","guid":{"rendered":"http:\/\/devgolf45.fr\/?page_id=36"},"modified":"2026-05-04T17:37:46","modified_gmt":"2026-05-04T15:37:46","slug":"ca-bureau","status":"publish","type":"page","link":"https:\/\/www.amicale-golf-seniors-45.com\/index.php\/ca-bureau\/","title":{"rendered":"CA &amp; BUREAU 2025-26"},"content":{"rendered":"<h2><strong>Membres du Bureau<\/strong><\/h2>\n<p><strong>Pr\u00e9sident<\/strong> : Alain WALET<\/p>\n<p><strong>Vice-pr\u00e9sident<\/strong> : Dominique ROGER<\/p>\n<p><strong>Secr\u00e9taire<\/strong> : Dominique DEROUARD<\/p>\n<p><strong>Tr\u00e9sorier<\/strong> : Georges MARTIN<\/p>\n<hr \/>\n<p><strong>Comit\u00e9 des f\u00eates<\/strong> : Colette AUGER &amp; Marie-Nelly PROVOT<\/p>\n<p><strong>Commission sportive<\/strong> : Patrick ROLAND<\/p>\n<p><strong>Partenariat &amp; sponsoring<\/strong>\u00a0: Poste \u00e0 pourvoir<\/p>\n<p><strong>Commission Communication<\/strong> : St\u00e9phane BOUTET<\/p>\n<p><strong>Commission \u00e9thique et discipline<\/strong> :\u00a0 Alain HASCOET &amp; Didier DUPUY<\/p>\n<p><strong>V\u00e9rificateurs aux comptes<\/strong> :Isabelle GIRARDIN &amp; Cyrille de PRIGOUNOFF<\/p>\n<p><strong>Webmaster<\/strong> : Pierre TOUZET<\/p>\n<hr \/>\n<h2><strong>Membres de droit du Conseil d&rsquo;Administration (Responsables \u00ab\u00a0Seniors\u00a0\u00bb des golfs)<\/strong><\/h2>\n<table style=\"height: 159px; width: 100%;\" width=\"829\">\n<tbody>\n<tr style=\"height: 23px;\">\n<td style=\"width: 406px; height: 23px;\"><span style=\"font-size: 10pt;\"><strong>Xavier MONTBARBON<\/strong> &amp; Dominique DEROUARD (Augerville)<br \/><\/span><\/td>\n<td style=\"width: 406px; height: 23px;\"><span style=\"font-size: 10pt;\"><strong>Martin PAVON<\/strong> &amp; Francis BAGAULT (Nan\u00e7ay)<\/span><\/td>\n<\/tr>\n<tr style=\"height: 23px;\">\n<td style=\"width: 406px; height: 23px;\"><span style=\"font-size: 10pt;\"><strong>V\u00e9ronique MOINDROT<\/strong> (Bourges)<br \/><\/span><\/td>\n<td style=\"width: 406px; height: 23px;\"><span style=\"font-size: 10pt;\"><strong>Serge MERCIER<\/strong> &amp; Dominique COJAN (Roncemay)<\/span><\/td>\n<\/tr>\n<tr>\n<td style=\"width: 406px;\"><span style=\"font-size: 10pt;\"><strong>Dominique ROGER <\/strong>&amp; Philippe ESCOFFRE (Cheverny)<\/span><\/td>\n<td style=\"width: 406px;\"><span style=\"font-size: 10pt;\"><strong>Akouche AHCENE<\/strong> &amp; Christophe ETEVE (Sancerre)<\/span><\/td>\n<\/tr>\n<tr style=\"height: 23px;\">\n<td style=\"width: 406px; height: 23px;\"><span style=\"font-size: 10pt;\"><strong>Joseph MANGEOT <\/strong>(Donnery)<\/span><\/td>\n<td style=\"width: 406px; height: 23px;\"><span style=\"font-size: 10pt;\"><strong>Bruno PIGHETTI<\/strong> &amp; Guy PIAT (Sully)<\/span><\/td>\n<\/tr>\n<tr style=\"height: 23px;\">\n<td style=\"width: 406px; height: 21px;\"><span style=\"font-size: 10pt;\"><strong>Bruno BACCARY<\/strong> (La Bosse)<\/span><\/td>\n<td style=\"width: 406px; height: 21px;\"><span style=\"font-size: 10pt;\"><strong>Jean-Pierre JOUVE<\/strong>\u00a0&amp; Ali TADRIST (La Picardi\u00e8re)<\/span><\/td>\n<\/tr>\n<tr style=\"height: 23px;\">\n<td style=\"width: 406px; height: 23px;\"><span style=\"font-size: 10pt;\"><strong>Patrick LANDRY<\/strong>\u00a0(La Carte)<\/span><\/td>\n<td style=\"width: 406px; height: 23px;\"><span style=\"font-size: 10pt;\"><strong>Patrick CREPIN<\/strong> (Val de l&rsquo;Indre)<\/span><\/td>\n<\/tr>\n<tr style=\"height: 23px;\">\n<td style=\"width: 406px; height: 23px;\"><span style=\"font-size: 10pt;\"><strong>Guy ZUCKERMAN<\/strong> &amp; Elie BOYER (Lim\u00e8re)<\/span><\/td>\n<td style=\"width: 406px; height: 23px;\"><span style=\"font-size: 10pt;\"><strong>Sandro ANTONINI<\/strong> (Vaugouard)<\/span><\/td>\n<\/tr>\n<tr style=\"height: 23px;\">\n<td style=\"width: 406px; height: 23px;\"><span style=\"font-size: 10pt;\"><strong>Georges MARTIN<\/strong> &amp; Didier RENIER (Marcilly)<\/span><\/td>\n<td style=\"width: 406px; height: 23px;\">\u00a0<\/td>\n<\/tr>\n<\/tbody>\n<\/table>\n<hr \/>\n<h2><strong>Membres actifs du Conseil d&rsquo;Administration<\/strong><\/h2>\n<table style=\"height: 125px; width: 100%;\">\n<tbody>\n<tr style=\"height: 25px;\">\n<td style=\"width: 50%; height: 25px;\"><span style=\"font-size: 10pt;\"><b>Marie-Jos\u00e9 DUBOIS <\/b>(Bourges)<\/span><\/td>\n<td style=\"width: 50%; height: 25px;\"><span style=\"font-size: 10pt;\"><b>Jean-Claude LURIOT<\/b> (Lim\u00e8re) <em>membre coopt\u00e9<\/em><\/span><\/td>\n<\/tr>\n<tr style=\"height: 25px;\">\n<td style=\"width: 50%; height: 25px;\"><span style=\"font-size: 10pt;\"><b>Didier DUPUIS<\/b> (Marcilly)<\/span><\/td>\n<td style=\"width: 50%; height: 25px;\">\u00a0<\/td>\n<\/tr>\n<tr style=\"height: 25px;\">\n<td style=\"width: 50%; height: 25px;\"><span style=\"font-size: 10pt;\"><strong>Alain HASCOET<\/strong> (Vaugouard)<\/span><\/td>\n<td style=\"width: 50%; height: 25px;\">\u00a0<\/td>\n<\/tr>\n<tr style=\"height: 25px;\">\n<td style=\"width: 50%; height: 25px;\"><span style=\"font-size: 10pt;\"><strong>Marie-Nelly PROVOT<\/strong> (Cheverny)<\/span><\/td>\n<td style=\"width: 50%; height: 25px;\">\u00a0<\/td>\n<\/tr>\n<tr style=\"height: 25px;\">\n<td style=\"width: 50%; height: 25px;\"><span style=\"font-size: 10pt;\"><b>Alain WALET<\/b> (Marcilly)<\/span><\/td>\n<td style=\"width: 50%; height: 25px;\">\u00a0<\/td>\n<\/tr>\n<\/tbody>\n<\/table>\n\n\n<h2 class=\"wp-block-heading\">Les documents statutaires<\/h2>\n\n\n\n<p>\u200b<\/p>\n<table style=\"width: 100.119%; border-collapse: collapse; border-color: #d8d9eb; border-style: solid; height: 201px;\" border=\"oui\">\n<tbody>\n<tr style=\"height: 201px;\" data-wp-editing=\"1\">\n<td style=\"width: 33.3333%; height: 201px;\"><a href=\"https:\/\/www.amicale-golf-seniors-45.com\/wp-content\/uploads\/2024\/01\/2024-01-11-Statuts.pdf\" target=\"_blank\" rel=\"noopener\"><img loading=\"lazy\" decoding=\"async\" class=\"wp-image-3587 aligncenter\" src=\"https:\/\/www.amicale-golf-seniors-45.com\/wp-content\/uploads\/2023\/05\/Logo-Statuts.jpg\" alt=\"\" width=\"119\" height=\"121\" \/><\/a><\/td>\n<td style=\"width: 33.3333%; height: 201px;\"><a href=\"https:\/\/www.amicale-golf-seniors-45.com\/wp-content\/uploads\/2025\/12\/AG2025-Presentation-Rev2.pdf\" target=\"_blank\" rel=\"noopener\"><img loading=\"lazy\" decoding=\"async\" class=\"aligncenter\" src=\"https:\/\/www.amicale-golf-seniors-45.com\/wp-content\/uploads\/2024\/01\/Logo-AG-300x169.jpg\" alt=\"\" width=\"187\" height=\"105\" \/><\/a><\/td>\n<td style=\"width: 33.4523%; height: 201px;\">\n<p><a href=\"https:\/\/www.amicale-golf-seniors-45.com\/wp-content\/uploads\/2026\/03\/2026-03-02-RIAnnexes.pdf\" target=\"_blank\" rel=\"noopener\"><img loading=\"lazy\" decoding=\"async\" class=\"aligncenter wp-image-3586\" src=\"https:\/\/www.amicale-golf-seniors-45.com\/wp-content\/uploads\/2023\/05\/Logo-RI-261x300.jpg\" alt=\"\" width=\"144\" height=\"166\" srcset=\"https:\/\/www.amicale-golf-seniors-45.com\/wp-content\/uploads\/2023\/05\/Logo-RI-261x300.jpg 261w, https:\/\/www.amicale-golf-seniors-45.com\/wp-content\/uploads\/2023\/05\/Logo-RI.jpg 301w\" sizes=\"auto, (max-width: 144px) 100vw, 144px\" \/><\/a><\/p>\n<\/td>\n<\/tr>\n<\/tbody>\n<\/table>\n<hr \/>\n<p>\u00a0<\/p>\n","protected":false},"excerpt":{"rendered":"<p>Membres du Bureau Pr\u00e9sident : Alain WALET Vice-pr\u00e9sident : Dominique ROGER Secr\u00e9taire : Dominique DEROUARD Tr\u00e9sorier : Georges MARTIN Comit\u00e9 [&hellip;]<\/p>\n","protected":false},"author":1,"featured_media":0,"parent":0,"menu_order":0,"comment_status":"closed","ping_status":"closed","template":"","meta":{"site-sidebar-layout":"no-sidebar","site-content-layout":"plain-container","ast-site-content-layout":"default","site-content-style":"default","site-sidebar-style":"default","ast-global-header-display":"","ast-banner-title-visibility":"","ast-main-header-display":"","ast-hfb-above-header-display":"","ast-hfb-below-header-display":"","ast-hfb-mobile-header-display":"","site-post-title":"","ast-breadcrumbs-content":"","ast-featured-img":"disabled","footer-sml-layout":"","ast-disable-related-posts":"","theme-transparent-header-meta":"","adv-header-id-meta":"","stick-header-meta":"","header-above-stick-meta":"","header-main-stick-meta":"","header-below-stick-meta":"","astra-migrate-meta-layouts":"default","ast-page-background-enabled":"default","ast-page-background-meta":{"desktop":{"background-color":"var(--ast-global-color-5)","background-image":"","background-repeat":"repeat","background-position":"center center","background-size":"auto","background-attachment":"scroll","background-type":"","background-media":"","overlay-type":"","overlay-color":"","overlay-opacity":"","overlay-gradient":""},"tablet":{"background-color":"","background-image":"","background-repeat":"repeat","background-position":"center center","background-size":"auto","background-attachment":"scroll","background-type":"","background-media":"","overlay-type":"","overlay-color":"","overlay-opacity":"","overlay-gradient":""},"mobile":{"background-color":"","background-image":"","background-repeat":"repeat","background-position":"center center","background-size":"auto","background-attachment":"scroll","background-type":"","background-media":"","overlay-type":"","overlay-color":"","overlay-opacity":"","overlay-gradient":""}},"ast-content-background-meta":{"desktop":{"background-color":"var(--ast-global-color-4)","background-image":"","background-repeat":"repeat","background-position":"center center","background-size":"auto","background-attachment":"scroll","background-type":"","background-media":"","overlay-type":"","overlay-color":"","overlay-opacity":"","overlay-gradient":""},"tablet":{"background-color":"var(--ast-global-color-4)","background-image":"","background-repeat":"repeat","background-position":"center center","background-size":"auto","background-attachment":"scroll","background-type":"","background-media":"","overlay-type":"","overlay-color":"","overlay-opacity":"","overlay-gradient":""},"mobile":{"background-color":"var(--ast-global-color-4)","background-image":"","background-repeat":"repeat","background-position":"center center","background-size":"auto","background-attachment":"scroll","background-type":"","background-media":"","overlay-type":"","overlay-color":"","overlay-opacity":"","overlay-gradient":""}},"footnotes":""},"class_list":["post-36","page","type-page","status-publish","hentry"],"_links":{"self":[{"href":"https:\/\/www.amicale-golf-seniors-45.com\/index.php\/wp-json\/wp\/v2\/pages\/36","targetHints":{"allow":["GET"]}}],"collection":[{"href":"https:\/\/www.amicale-golf-seniors-45.com\/index.php\/wp-json\/wp\/v2\/pages"}],"about":[{"href":"https:\/\/www.amicale-golf-seniors-45.com\/index.php\/wp-json\/wp\/v2\/types\/page"}],"author":[{"embeddable":true,"href":"https:\/\/www.amicale-golf-seniors-45.com\/index.php\/wp-json\/wp\/v2\/users\/1"}],"replies":[{"embeddable":true,"href":"https:\/\/www.amicale-golf-seniors-45.com\/index.php\/wp-json\/wp\/v2\/comments?post=36"}],"version-history":[{"count":92,"href":"https:\/\/www.amicale-golf-seniors-45.com\/index.php\/wp-json\/wp\/v2\/pages\/36\/revisions"}],"predecessor-version":[{"id":5995,"href":"https:\/\/www.amicale-golf-seniors-45.com\/index.php\/wp-json\/wp\/v2\/pages\/36\/revisions\/5995"}],"wp:attachment":[{"href":"https:\/\/www.amicale-golf-seniors-45.com\/index.php\/wp-json\/wp\/v2\/media?parent=36"}],"curies":[{"name":"wp","href":"https:\/\/api.w.org\/{rel}","templated":true}]}}