{"id":3781,"date":"2023-08-28T15:07:50","date_gmt":"2023-08-28T13:07:50","guid":{"rendered":"https:\/\/www.amicale-golf-seniors-45.com\/?page_id=3781"},"modified":"2026-04-08T08:26:51","modified_gmt":"2026-04-08T06:26:51","slug":"newsletters","status":"publish","type":"page","link":"https:\/\/www.amicale-golf-seniors-45.com\/index.php\/newsletters\/","title":{"rendered":"Newsletters"},"content":{"rendered":"\n\n\n\n\n<ul class=\"wp-block-list\">\n<li><a href=\"https:\/\/sh1.sendinblue.com\/aj096xp5z9pfe.html?t=1775629276999\">Avril 2026<\/a><\/li>\n\n\n\n<li><a href=\"https:\/\/sh1.sendinblue.com\/airts9p5z9pfe.html?t=1774459654447\" target=\"_blank\" rel=\"noreferrer noopener\">F\u00e9vrier 2026<\/a><\/li>\n\n\n\n<li><a href=\"https:\/\/sh1.sendinblue.com\/ainm2xp5z9pfe.html?t=1765614623135\" target=\"_blank\" rel=\"noreferrer noopener\">D\u00e9c 2025<\/a><\/li>\n\n\n\n<li><a href=\"https:\/\/sh1.sendinblue.com\/aif6o9p5z9pfe.html?t=1765614737\" target=\"_blank\" rel=\"noreferrer noopener\">Oct 2025<\/a><\/li>\n\n\n\n<li><a href=\"https:\/\/sh1.sendinblue.com\/aiayyxp5z9pfe.html?t=1765614692\">Sept <\/a><a href=\"https:\/\/sh1.sendinblue.com\/aiayyxp5z9pfe.html?t=1765614692\" target=\"_blank\" rel=\"noreferrer noopener\">2025<\/a><\/li>\n\n\n\n<li><a href=\"https:\/\/sh1.sendinblue.com\/ai6r9lp5z9pfe.html?t=1750509872812\" target=\"_blank\" rel=\"noreferrer noopener\">Juin 2025<\/a><\/li>\n\n\n\n<li><a href=\"https:\/\/sh1.sendinblue.com\/ai2jk9p5z9pfe.html?t=1746118671521\" target=\"_blank\" rel=\"noreferrer noopener\">Mai 2025<\/a><\/li>\n\n\n\n<li><a href=\"https:\/\/sh1.sendinblue.com\/ahybuxp5z9pfe.html?t=1740934423937\">F\u00e9vrier 2025<\/a><\/li>\n\n\n\n<li><a href=\"https:\/\/sh1.sendinblue.com\/ahloqxp5z9pfe.html?t=1734507287835\">D\u00e9c 2024<\/a><\/li>\n\n\n\n<li><a href=\"https:\/\/sh1.sendinblue.com\/ahhh1lp5z9pfe.html?t=1730101965608\">Nov 2024<\/a><\/li>\n\n\n\n<li><a href=\"https:\/\/sh1.sendinblue.com\/ahd9c9p5z9pfe.html?t=1728208887160\">Sept 2024<\/a><\/li>\n\n\n\n<li><a href=\"https:\/\/sh1.sendinblue.com\/ah91mxp5z9pfe.html?t=1724261184113\" target=\"_blank\" rel=\"noreferrer noopener\">Ao\u00fbt 2024<\/a><\/li>\n\n\n\n<li><a href=\"https:\/\/sh1.sendinblue.com\/ah4txlp5z9pfe.html?t=1720110304558\" target=\"_blank\" rel=\"noreferrer noopener\">Juillet 2024<\/a><\/li>\n\n\n\n<li><a href=\"https:\/\/sh1.sendinblue.com\/ah0m89p5z9pfe.html?t=1712149375\" target=\"_blank\" rel=\"noreferrer noopener\">Avril 2024<\/a><\/li>\n\n\n\n<li><a href=\"https:\/\/sh1.sendinblue.com\/agweixp5z9pfe.html?t=1710600871\" target=\"_blank\" rel=\"noreferrer noopener\">Mars 2024<\/a><\/li>\n\n\n\n<li><a href=\"https:\/\/sh1.sendinblue.com\/ags6tlp5z9pfe.html?t=1707810911\">F\u00e9vrier 2024<\/a><\/li>\n\n\n\n<li><a href=\"https:\/\/sh1.sendinblue.com\/agnz49p5z9pfe.html?t=1705939659\" target=\"_blank\" rel=\"noreferrer noopener\">Janvier 2024<\/a><\/li>\n\n\n\n<li><a href=\"https:\/\/sh1.sendinblue.com\/agjrexp5z9pfe.html?t=1704872343\" target=\"_blank\" rel=\"noreferrer noopener\">Dec 2023<\/a><\/li>\n\n\n\n<li><a href=\"https:\/\/sh1.sendinblue.com\/ag74axp5z9pfe.html?t=1698687541\">Nov 2023<\/a><\/li>\n\n\n\n<li><a href=\"https:\/\/sh1.sendinblue.com\/ag2wllp5z9pfe.html?t=1696142712\">Sept 2023<\/a><\/li>\n\n\n\n<li><a href=\"https:\/\/sh1.sendinblue.com\/afyow9p5z9pfe.html?t=1693503967\">Ao\u00fbt 2023<\/a>\n\n<\/li>\n\n\n\n<li><a href=\"https:\/\/sh1.sendinblue.com\/afq9hlp5z9pfe.html?t=1693222194\">Juillet 2023<\/a><\/li>\n\n\n\n<li><a href=\"https:\/\/sh1.sendinblue.com\/afhu2xp5z9pfe.html?t=1693222373\">Juin 2023<\/a><\/li>\n\n\n\n<li><a href=\"https:\/\/sh1.sendinblue.com\/afdmdlp5z9pfe.html?t=1693222429\">mai 2023<\/a><\/li>\n\n\n\n<li><a href=\"https:\/\/sh1.sendinblue.com\/af9eo9p5z9pfe.html?t=1693222477\">mars 2023<\/a><\/li>\n\n\n\n<li><a href=\"https:\/\/sh1.sendinblue.com\/af56yxp5z9pfe.html?t=1693222515\">F\u00e9vrier 2023<\/a><\/li>\n<\/ul>\n\n\n\n<div class=\"wp-block-group\"><div class=\"wp-block-group__inner-container is-layout-constrained wp-block-group-is-layout-constrained\"><\/div><\/div>\n","protected":false},"excerpt":{"rendered":"Avril 2026 F\u00e9vrier 2026 D\u00e9c 2025 Oct 2025 Sept 2025 Juin 2025 Mai 2025 F\u00e9vrier 2025 D\u00e9c 2024 Nov 2024 Sept 2024 Ao\u00fbt 2024 Juillet 2024 Avril 2024 Mars 2024 F\u00e9vrier 2024 Janvier 2024 Dec 2023 Nov 2023 Sept 2023 Ao\u00fbt 2023 Juillet 2023 Juin 2023 mai 2023 mars 2023 F\u00e9vrier 2023","protected":false},"author":6,"featured_media":0,"parent":0,"menu_order":0,"comment_status":"closed","ping_status":"closed","template":"","meta":{"footnotes":""},"class_list":["post-3781","page","type-page","status-publish","hentry"],"_links":{"self":[{"href":"https:\/\/www.amicale-golf-seniors-45.com\/index.php\/wp-json\/wp\/v2\/pages\/3781","targetHints":{"allow":["GET"]}}],"collection":[{"href":"https:\/\/www.amicale-golf-seniors-45.com\/index.php\/wp-json\/wp\/v2\/pages"}],"about":[{"href":"https:\/\/www.amicale-golf-seniors-45.com\/index.php\/wp-json\/wp\/v2\/types\/page"}],"author":[{"embeddable":true,"href":"https:\/\/www.amicale-golf-seniors-45.com\/index.php\/wp-json\/wp\/v2\/users\/6"}],"replies":[{"embeddable":true,"href":"https:\/\/www.amicale-golf-seniors-45.com\/index.php\/wp-json\/wp\/v2\/comments?post=3781"}],"version-history":[{"count":33,"href":"https:\/\/www.amicale-golf-seniors-45.com\/index.php\/wp-json\/wp\/v2\/pages\/3781\/revisions"}],"predecessor-version":[{"id":5655,"href":"https:\/\/www.amicale-golf-seniors-45.com\/index.php\/wp-json\/wp\/v2\/pages\/3781\/revisions\/5655"}],"wp:attachment":[{"href":"https:\/\/www.amicale-golf-seniors-45.com\/index.php\/wp-json\/wp\/v2\/media?parent=3781"}],"curies":[{"name":"wp","href":"https:\/\/api.w.org\/{rel}","templated":true}]}}