{"id":39,"date":"2017-01-17T20:43:00","date_gmt":"2017-01-17T19:43:00","guid":{"rendered":"http:\/\/devgolf45.fr\/?page_id=39"},"modified":"2026-04-15T09:40:25","modified_gmt":"2026-04-15T07:40:25","slug":"calendrier-inscriptions","status":"publish","type":"page","link":"https:\/\/www.amicale-golf-seniors-45.com\/index.php\/calendrier-inscriptions\/","title":{"rendered":"Agenda &#038; Inscriptions"},"content":{"rendered":"<p>[vc_row][vc_column][vc_column_text]<\/p>\n<h3><a href=\"https:\/\/www.amicale-golf-seniors-45.com\/wp-content\/uploads\/2026\/03\/2026-Calendrier-Amicale-12mars.pdf\" target=\"_blank\" rel=\"noopener noreferrer\">Agenda 2026<\/a> &amp; Inscriptions aux comp\u00e9titions<\/h3>\n<p><i>Les inscriptions sont normalement ouvertes durant une semaine \u00e0 partir du dimanche soir de la semaine pr\u00e9c\u00e9dant l\u2019\u00e9preuve (J-11). Pour vous inscrire cliquez sur <strong>[<span style=\"background-color: #ffff00; color: #0000ff;\">Insc<\/span>]<\/strong>, et sur <strong>[<span style=\"background-color: #ffff00; color: #0000ff;\">Part<\/span>]<\/strong> pour voir les participants. <span style=\"color: #ff0000;\"><strong>ATTENTION<\/strong><\/span> le champ est limit\u00e9 \u00e0 <span style=\"background-color: #ffff00;\"><strong><span style=\"color: #0000ff;\">114 joueurs<\/span><\/strong><\/span> sur les golfs de 18 trous et \u00e0 <span style=\"color: #0000ff; background-color: #ffff00;\"><strong>42 joueurs<\/strong><\/span> pour La Bosse et La Carte (golfs de 9 trous). Les inscriptions au del\u00e0 de ces limites seront en liste d\u2019attente (<strong><span style=\"background-color: #ffff00;\">si vous \u00eates sur liste d&rsquo;attente, pensez \u00e0 laisser vos coordonn\u00e9es \u00e0 l&rsquo;accueil pour vous contacter en cas de besoin<\/span><\/strong>). Pour vous d\u00e9sinscrire informez l\u2019accueil ou l&rsquo;AS du golf qui re\u00e7oit, et avertissez par mail le responsable Seniors de ce golf et l&rsquo;Amicale (voir contacts). <\/i><strong><span style=\"color: #ff0000;\">Pour \u00e9viter les inscriptions en double<\/span><\/strong><i>, ATTENDEZ quelques minutes avant de v\u00e9rifier, sur la liste des participants, la prise en compte de votre inscription.<\/i>[\/vc_column_text][vc_column_text]DAMES (d\u00e9parts rouges ou violets) \/ Une seule s\u00e9rie 0 \u00e0 45<\/p>\n<p>MESSIEURS (d\u00e9parts jaunes ou bleus) \/ 1\u00e8re s\u00e9rie 0 \u00e0 21,0 \/ 2\u00e8me s\u00e9rie 21,1 \u00e0 45<\/p>\n<p>Les handicaps de jeu sont ramen\u00e9s \u00e0 36 pour les r\u00e9sultats de l\u2019Amicale (2 coups re\u00e7us au maximum par trou)<\/p>\n<p style=\"text-align: left;\"><strong class=\"spip\">Licence et certificat m\u00e9dical obligatoires<\/strong><\/p>\n<p><span style=\"color: #ff0000;\">\u00a0<\/span><\/p>\n\n\n<iframe loading=\"lazy\" src=\"https:\/\/calendar.google.com\/calendar\/embed?height=600&amp;wkst=2&amp;bgcolor=%23ffffff&amp;ctz=Europe%2FParis&amp;src=YW1pY2FsZWdvbGZzZW5pb3JzNDVAZ21haWwuY29t&amp;src=ZnIuZnJlbmNoI2hvbGlkYXlAZ3JvdXAudi5jYWxlbmRhci5nb29nbGUuY29t&amp;color=%23039BE5&amp;color=%230B8043\" style=\"border:solid 1px #777\" width=\"650\" height=\"400\" frameborder=\"0\" scrolling=\"no\"><\/iframe>\n\t\t\n","protected":false},"excerpt":{"rendered":"<p>[vc_row][vc_column][vc_column_text] Agenda 2026 &amp; Inscriptions aux comp\u00e9titions Les inscriptions sont normalement ouvertes durant une semaine \u00e0 partir du dimanche soir de la semaine pr\u00e9c\u00e9dant l\u2019\u00e9preuve (J-11). Pour vous inscrire cliquez sur [Insc], et sur [Part] pour voir les participants. ATTENTION le champ est limit\u00e9 \u00e0 114 joueurs sur les golfs de 18 trous et \u00e0 [&hellip;]<\/p>\n","protected":false},"author":1,"featured_media":0,"parent":0,"menu_order":0,"comment_status":"closed","ping_status":"closed","template":"","meta":{"footnotes":""},"class_list":["post-39","page","type-page","status-publish","hentry"],"_links":{"self":[{"href":"https:\/\/www.amicale-golf-seniors-45.com\/index.php\/wp-json\/wp\/v2\/pages\/39","targetHints":{"allow":["GET"]}}],"collection":[{"href":"https:\/\/www.amicale-golf-seniors-45.com\/index.php\/wp-json\/wp\/v2\/pages"}],"about":[{"href":"https:\/\/www.amicale-golf-seniors-45.com\/index.php\/wp-json\/wp\/v2\/types\/page"}],"author":[{"embeddable":true,"href":"https:\/\/www.amicale-golf-seniors-45.com\/index.php\/wp-json\/wp\/v2\/users\/1"}],"replies":[{"embeddable":true,"href":"https:\/\/www.amicale-golf-seniors-45.com\/index.php\/wp-json\/wp\/v2\/comments?post=39"}],"version-history":[{"count":407,"href":"https:\/\/www.amicale-golf-seniors-45.com\/index.php\/wp-json\/wp\/v2\/pages\/39\/revisions"}],"predecessor-version":[{"id":5730,"href":"https:\/\/www.amicale-golf-seniors-45.com\/index.php\/wp-json\/wp\/v2\/pages\/39\/revisions\/5730"}],"wp:attachment":[{"href":"https:\/\/www.amicale-golf-seniors-45.com\/index.php\/wp-json\/wp\/v2\/media?parent=39"}],"curies":[{"name":"wp","href":"https:\/\/api.w.org\/{rel}","templated":true}]}}