{"id":41,"date":"2017-01-17T20:46:56","date_gmt":"2017-01-17T19:46:56","guid":{"rendered":"http:\/\/devgolf45.fr\/?page_id=41"},"modified":"2026-03-25T13:33:03","modified_gmt":"2026-03-25T12:33:03","slug":"departs-resultats-13-golfs","status":"publish","type":"page","link":"https:\/\/www.amicale-golf-seniors-45.com\/index.php\/departs-resultats-13-golfs\/","title":{"rendered":"D\u00e9parts &#038; R\u00e9sultats"},"content":{"rendered":"<p>[vc_row][vc_column][vc_column_text]<\/p>\n<h3 class=\"spip\">Informations sur les golfs h\u00f4tes de l\u2019Amicale<\/h3>\n<p class=\"spip\">Sur le tableau, il suffit de cliquer sur le mot concern\u00e9, pour obtenir l\u2019information recherch\u00e9e.<\/p>\n<p class=\"spip\">Les informations sur la liste des d\u00e9parts et des r\u00e9sultats proviennent de la FFG et sont fournies par les golfs concern\u00e9s.<\/p>\n<table class=\"spip\" style=\"height: 378px; width: 94.1194%;\">\n<thead>\n<tr class=\"row_first\" style=\"height: 21px;\">\n<th style=\"width: 16.9406%; text-align: left; height: 21px;\" scope=\"col\"><em>Site Web<br \/>\n<\/em><\/th>\n<th style=\"width: 19.7219%; text-align: left; height: 21px;\" scope=\"col\"><em>T\u00e9l Accueil<\/em><\/th>\n<th style=\"width: 38.3059%; text-align: left; height: 21px;\" scope=\"col\"><em>Mail Accueil<\/em><\/th>\n<th style=\"width: 10.7459%; text-align: left; height: 21px;\" scope=\"col\"><em>D\u00e9parts<\/em><\/th>\n<th style=\"width: 12.7686%; text-align: left; height: 21px;\" scope=\"col\"><em>R\u00e9sultats<\/em><\/th>\n<\/tr>\n<\/thead>\n<tbody>\n<tr class=\"row_even\" style=\"background-color: #b7bbed;\">\n<td style=\"width: 16.9406%; height: 24px;\"><a class=\"spip_out\" href=\"http:\/\/www.chateau-augerville.com\/\" target=\"_blank\" rel=\"noopener noreferrer\">Augerville<\/a><\/td>\n<td style=\"width: 19.7219%; height: 24px;\">02 38 32 12 07<\/td>\n<td style=\"width: 38.3059%; height: 24px;\">\n<div>golf@chateau-augerville.com<\/div>\n<\/td>\n<td style=\"width: 10.7459%; height: 24px;\"><a class=\"spip_out\" href=\"https:\/\/pages.ffgolf.org\/departs\/golf\/3503239a717d840dcb6cbaaf89cc3225\" target=\"_blank\" rel=\"noopener noreferrer\">D\u00e9parts<\/a><\/td>\n<td style=\"width: 12.7686%; height: 24px;\"><a class=\"spip_out\" href=\"https:\/\/pages.ffgolf.org\/resultats\/liste-competitions\/3503239a717d840dcb6cbaaf89cc3225\" target=\"_blank\" rel=\"noopener noreferrer\">R\u00e9sultats<\/a><\/td>\n<\/tr>\n<tr style=\"height: 24px;\">\n<td style=\"width: 16.9406%; height: 24px;\"><a class=\"spip_out\" href=\"https:\/\/jouer.golf\/bourges\/\" target=\"_blank\" rel=\"noopener noreferrer\">Bourges<\/a><\/td>\n<td style=\"width: 19.7219%; height: 24px;\">02 48 21 20 01<\/td>\n<td style=\"width: 38.3059%; height: 24px;\">contact@gardengolf-bourges.fr<\/td>\n<td style=\"width: 10.7459%; height: 24px;\"><a class=\"spip_out\" href=\"https:\/\/pages.ffgolf.org\/departs\/golf\/f4cabbd00d9cedf39198f100f785598c\" target=\"_blank\" rel=\"noopener noreferrer\">D\u00e9parts<\/a><\/td>\n<td style=\"width: 12.7686%; height: 24px;\"><a class=\"spip_out\" href=\"https:\/\/pages.ffgolf.org\/resultats\/liste-competitions\/f4cabbd00d9cedf39198f100f785598c\" target=\"_blank\" rel=\"noopener noreferrer\">R\u00e9sultats<\/a><\/td>\n<\/tr>\n<tr style=\"background-color: #b7bbed; height: 24px;\">\n<td style=\"width: 16.9406%; height: 24px;\"><a class=\"spip_out\" href=\"http:\/\/www.golf-cheverny.com\/\" target=\"_blank\" rel=\"noopener noreferrer\">Cheverny<\/a><\/td>\n<td style=\"width: 19.7219%; height: 24px;\">02 54 79 24 70<\/td>\n<td style=\"width: 38.3059%; height: 24px;\">contact@golf-cheverny.com<\/td>\n<td style=\"width: 10.7459%; height: 24px;\"><a class=\"spip_out\" href=\"https:\/\/pages.ffgolf.org\/departs\/golf\/dd51cf67d357f719f612a0cbaf5e8fb4\" target=\"_blank\" rel=\"noopener noreferrer\">D\u00e9parts<\/a><\/td>\n<td style=\"width: 12.7686%; height: 24px;\"><a class=\"spip_out\" href=\"https:\/\/pages.ffgolf.org\/resultats\/liste-competitions\/dd51cf67d357f719f612a0cbaf5e8fb4\" target=\"_blank\" rel=\"noopener noreferrer\">R\u00e9sultats<\/a><\/td>\n<\/tr>\n<tr class=\"row_even\" style=\"height: 24px;\">\n<td style=\"width: 16.9406%; height: 24px;\"><a class=\"spip_out\" href=\"https:\/\/www.golforleanslimere.com\/acc%C3%A9s-et-contact\/\" target=\"_blank\" rel=\"noopener noreferrer\">Donnery<\/a><\/td>\n<td style=\"width: 19.7219%; height: 24px;\">02 38 59 25 15<\/td>\n<td style=\"width: 38.3059%; height: 24px;\">accueil@golfdonnery.com<\/td>\n<td style=\"width: 10.7459%; height: 24px;\"><a class=\"spip_out\" href=\"https:\/\/pages.ffgolf.org\/departs\/golf\/b52a0b57aa75cc523a2a0a5930cb560e\" target=\"_blank\" rel=\"noopener noreferrer\">D\u00e9parts<\/a><\/td>\n<td style=\"width: 12.7686%; height: 24px;\"><a class=\"spip_out\" href=\"https:\/\/pages.ffgolf.org\/resultats\/liste-competitions\/b52a0b57aa75cc523a2a0a5930cb560e\" target=\"_blank\" rel=\"noopener noreferrer\">R\u00e9sultats<\/a><\/td>\n<\/tr>\n<tr style=\"background-color: #b7bbed; height: 24px;\">\n<td style=\"width: 16.9406%; height: 24px;\"><a class=\"spip_out\" href=\"http:\/\/www.labosse.com\/\" target=\"_blank\" rel=\"noopener noreferrer\">La Bosse<\/a><\/td>\n<td style=\"width: 19.7219%; height: 24px;\">02 54 23 02 60<\/td>\n<td style=\"width: 38.3059%; height: 24px;\">golfdelabosse@orange.fr<\/td>\n<td style=\"width: 10.7459%; height: 24px;\"><a class=\"spip_out\" href=\"https:\/\/pages.ffgolf.org\/departs\/golf\/05b3acb5b8e6dbd426b45a47a6fa3813\" target=\"_blank\" rel=\"noopener noreferrer\">D\u00e9parts<\/a><\/td>\n<td style=\"width: 12.7686%; height: 24px;\"><a class=\"spip_out\" href=\"https:\/\/pages.ffgolf.org\/resultats\/liste-competitions\/05b3acb5b8e6dbd426b45a47a6fa3813\" target=\"_blank\" rel=\"noopener noreferrer\">R\u00e9sultats<\/a><\/td>\n<\/tr>\n<tr class=\"row_even\" style=\"height: 21px;\">\n<td style=\"width: 16.9406%; height: 21px;\"><a href=\"http:\/\/www.lacarte.com.fr\" target=\"_blank\" rel=\"noopener noreferrer\">La Carte<\/a><\/td>\n<td style=\"width: 19.7219%; height: 21px;\">02 54 20 49 00<\/td>\n<td style=\"width: 38.3059%; height: 21px;\">reception@golf-hotel-la-carte.fr<\/td>\n<td style=\"width: 10.7459%; height: 21px;\"><a href=\"https:\/\/pages.ffgolf.org\/departs\/golf\/910ef3fb74e41af0435c6d713d21a786\" target=\"_blank\" rel=\"noopener noreferrer\">D\u00e9parts<\/a><\/td>\n<td style=\"width: 12.7686%; height: 21px;\"><a href=\"https:\/\/pages.ffgolf.org\/resultats\/liste-competitions\/910ef3fb74e41af0435c6d713d21a786\" target=\"_blank\" rel=\"noopener noreferrer\">R\u00e9sultats<\/a><\/td>\n<\/tr>\n<tr style=\"background-color: #b7bbed; height: 24px;\">\n<td style=\"width: 16.9406%; height: 24px;\"><a href=\"https:\/\/www.golfdelapicardiere.com\/\" target=\"_blank\" rel=\"noopener\">La Picardi\u00e8re<\/a><\/td>\n<td style=\"width: 19.7219%; height: 24px;\">02 48 75 21 43<\/td>\n<td style=\"width: 38.3059%; height: 24px;\">contact@golfdelapicardiere.com<\/td>\n<td style=\"width: 10.7459%; height: 24px;\"><a href=\"https:\/\/pages.ffgolf.org\/departs\/golf\/cd4a3f2896468b055227c7e964c6d7f1\" target=\"_blank\" rel=\"noopener\">D\u00e9parts<\/a><\/td>\n<td style=\"width: 12.7686%; height: 24px;\"><a href=\"https:\/\/pages.ffgolf.org\/resultats\/liste-competitions\/cd4a3f2896468b055227c7e964c6d7f1\" target=\"_blank\" rel=\"noopener\">R\u00e9sultats<\/a><\/td>\n<\/tr>\n<tr class=\"row_even\" style=\"height: 24px;\">\n<td style=\"width: 16.9406%; height: 24px;\"><a href=\"https:\/\/www.golforleanslimere.com\/acc%C3%A9s-et-contact\/\" target=\"_blank\" rel=\"noopener noreferrer\">Lim\u00e8re<\/a><\/td>\n<td style=\"width: 19.7219%; height: 24px;\">02 38 63 89 40<\/td>\n<td style=\"width: 38.3059%; height: 24px;\">accueil@golflimere.com<\/td>\n<td style=\"width: 10.7459%; height: 24px;\"><a href=\"https:\/\/pages.ffgolf.org\/departs\/golf\/e66aa68b3a93789aa3bdd5d377822387\" target=\"_blank\" rel=\"noopener noreferrer\">D\u00e9parts<\/a><\/td>\n<td style=\"width: 12.7686%; height: 24px;\"><a href=\"https:\/\/pages.ffgolf.org\/resultats\/liste-competitions\/e66aa68b3a93789aa3bdd5d377822387\" target=\"_blank\" rel=\"noopener noreferrer\">R\u00e9sultats<\/a><\/td>\n<\/tr>\n<tr class=\"row_odd\" style=\"background-color: #b7bbed; height: 24px;\">\n<td style=\"width: 16.9406%; height: 24px;\"><a class=\"spip_out\" href=\"http:\/\/www.marcilly.com\/\" target=\"_blank\" rel=\"noopener noreferrer\">Marcilly<\/a><\/td>\n<td style=\"width: 19.7219%; height: 24px;\">02 38 76 11 73<\/td>\n<td style=\"width: 38.3059%; height: 24px;\">golf@marcilly.com<\/td>\n<td style=\"width: 10.7459%; height: 24px;\"><a class=\"spip_out\" href=\"https:\/\/pages.ffgolf.org\/departs\/golf\/5824d6b19f01d21a2e53b0249f2e9656\" target=\"_blank\" rel=\"noopener noreferrer\">D\u00e9parts<\/a><\/td>\n<td style=\"width: 12.7686%; height: 24px;\"><a class=\"spip_out\" href=\"https:\/\/pages.ffgolf.org\/resultats\/liste-competitions\/5824d6b19f01d21a2e53b0249f2e9656\" target=\"_blank\" rel=\"noopener noreferrer\">R\u00e9sultats<\/a><\/td>\n<\/tr>\n<tr style=\"height: 23px;\">\n<td style=\"width: 16.9406%; height: 23px;\"><a href=\"https:\/\/www.le-golf-des-etoiles.fr\/\" target=\"_blank\" rel=\"noopener\">Nan\u00e7ay<\/a><\/td>\n<td style=\"width: 19.7219%; height: 23px;\">02 48 51 86 55<\/td>\n<td style=\"width: 38.3059%; height: 23px;\">legolfdesetoiles@gmail.com<\/td>\n<td style=\"width: 10.7459%; height: 23px;\"><a class=\"spip_out\" href=\"https:\/\/pages.ffgolf.org\/departs\/golf\/0f5d7cde6dd077635c4a784269b0807b\" target=\"_blank\" rel=\"noopener noreferrer\">D\u00e9parts<\/a><\/td>\n<td style=\"width: 12.7686%; height: 23px;\"><a class=\"spip_out\" href=\"https:\/\/pages.ffgolf.org\/resultats\/liste-competitions\/0f5d7cde6dd077635c4a784269b0807b\" target=\"_blank\" rel=\"noopener noreferrer\">R\u00e9sultats<\/a><\/td>\n<\/tr>\n<tr class=\"row_even\" style=\"height: 24px; background-color: #b7bbed;\">\n<td style=\"width: 16.9406%; height: 24px;\"><a class=\"spip_out\" href=\"https:\/\/golfdesancerre.com\/\" target=\"_blank\" rel=\"noopener noreferrer\">Sancerre<\/a><\/td>\n<td style=\"width: 19.7219%; height: 24px;\">02 48 54 11 22<\/td>\n<td style=\"width: 38.3059%; height: 24px;\">golf.sancerre@wanadoo.fr<\/td>\n<td style=\"width: 10.7459%; height: 24px;\"><a class=\"spip_out\" href=\"https:\/\/pages.ffgolf.org\/departs\/golf\/3baea03617660332b597f6c4f53cff81\" target=\"_blank\" rel=\"noopener noreferrer\">D\u00e9parts<\/a><\/td>\n<td style=\"width: 12.7686%; height: 24px;\"><a class=\"spip_out\" href=\"https:\/\/pages.ffgolf.org\/resultats\/liste-competitions\/3baea03617660332b597f6c4f53cff81\" target=\"_blank\" rel=\"noopener noreferrer\">R\u00e9sultats<\/a><\/td>\n<\/tr>\n<tr class=\"row_odd\" style=\"height: 23px;\">\n<td style=\"width: 16.9406%; height: 24px;\"><a class=\"spip_out\" href=\"http:\/\/www.golfdesully.com\/\" target=\"_blank\" rel=\"noopener noreferrer\">Sully<\/a><\/td>\n<td style=\"width: 19.7219%; height: 24px;\">02 38 36 52 08<\/td>\n<td style=\"width: 38.3059%; height: 24px;\">golfdesully@orange.fr<\/td>\n<td style=\"width: 10.7459%; height: 24px;\"><a class=\"spip_out\" href=\"https:\/\/pages.ffgolf.org\/departs\/golf\/892d33029693a18d42c55bfe31d22a87\" target=\"_blank\" rel=\"noopener noreferrer\">D\u00e9parts<\/a><\/td>\n<td style=\"width: 12.7686%; height: 24px;\"><a class=\"spip_out\" href=\"https:\/\/pages.ffgolf.org\/resultats\/liste-competitions\/892d33029693a18d42c55bfe31d22a87\" target=\"_blank\" rel=\"noopener noreferrer\">R\u00e9sultats<\/a><\/td>\n<\/tr>\n<tr class=\"row_even\" style=\"height: 24px; background-color: #b7bbed;\">\n<td style=\"width: 16.9406%; height: 24px;\"><a class=\"spip_out\" href=\"http:\/\/www.roncemay.com\/\" target=\"_blank\" rel=\"noopener noreferrer\">Roncemay<\/a><\/td>\n<td style=\"width: 19.7219%; height: 24px;\">03 86 73 50 50<\/td>\n<td style=\"width: 38.3059%; height: 24px;\">info@roncemay.com<\/td>\n<td style=\"width: 10.7459%; height: 24px;\"><a class=\"spip_out\" href=\"https:\/\/pages.ffgolf.org\/departs\/golf\/85bc8d88e83ba90d892be7651f7ba0a5\" target=\"_blank\" rel=\"noopener noreferrer\">D\u00e9parts<\/a><\/td>\n<td style=\"width: 12.7686%; height: 24px;\"><a class=\"spip_out\" href=\"https:\/\/pages.ffgolf.org\/resultats\/liste-competitions\/85bc8d88e83ba90d892be7651f7ba0a5\" target=\"_blank\" rel=\"noopener noreferrer\">R\u00e9sultats<\/a><\/td>\n<\/tr>\n<tr class=\"row_even\" style=\"height: 23px;\">\n<td style=\"width: 16.9406%; height: 24px;\"><a class=\"spip_out\" href=\"https:\/\/www.golfvaldelindre.fr\/\" target=\"_blank\" rel=\"noopener noreferrer\">Val de l&rsquo;Indre<\/a><\/td>\n<td style=\"width: 19.7219%; height: 24px;\">02 54 26 59 44<\/td>\n<td style=\"width: 38.3059%; height: 24px;\">golfvaldelindre@gmail.com<\/td>\n<td style=\"width: 10.7459%; height: 24px;\"><a class=\"spip_out\" href=\"https:\/\/pages.ffgolf.org\/departs\/golf\/0839c18acbdff8453e92ba21251ea6e3\" target=\"_blank\" rel=\"noopener noreferrer\">D\u00e9parts<\/a><\/td>\n<td style=\"width: 12.7686%; height: 24px;\"><a class=\"spip_out\" href=\"https:\/\/pages.ffgolf.org\/resultats\/liste-competitions\/0839c18acbdff8453e92ba21251ea6e3\" target=\"_blank\" rel=\"noopener noreferrer\">R\u00e9sultats<\/a><\/td>\n<\/tr>\n<tr class=\"row_odd\" style=\"height: 25px; background-color: #b7bbed;\">\n<td style=\"width: 16.9406%; height: 25px;\"><a class=\"spip_out\" href=\"http:\/\/www.vaugouard.com\/\" target=\"_blank\" rel=\"noopener noreferrer\">Vaugouard<\/a><\/td>\n<td style=\"width: 19.7219%; height: 25px;\">02 38 89 79 00<\/td>\n<td style=\"width: 38.3059%; height: 25px;\">info@vaugouard.com<\/td>\n<td style=\"width: 10.7459%; height: 25px;\"><a class=\"spip_out\" href=\"https:\/\/pages.ffgolf.org\/departs\/golf\/0c9b8bc924d1e28fc665c959e3ed812f\" target=\"_blank\" rel=\"noopener noreferrer\">D\u00e9parts<\/a><\/td>\n<td style=\"width: 12.7686%; height: 25px;\"><a class=\"spip_out\" href=\"https:\/\/pages.ffgolf.org\/departs\/golf\/0c9b8bc924d1e28fc665c959e3ed812f\" target=\"_blank\" rel=\"noopener noreferrer\">R\u00e9sultats<\/a><\/td>\n<\/tr>\n<\/tbody>\n<\/table>\n<hr \/>\n","protected":false},"excerpt":{"rendered":"<p>[vc_row][vc_column][vc_column_text] Informations sur les golfs h\u00f4tes de l\u2019Amicale Sur le tableau, il suffit de cliquer sur le mot concern\u00e9, pour obtenir l\u2019information recherch\u00e9e. Les informations sur la liste des d\u00e9parts et des r\u00e9sultats proviennent de la FFG et sont fournies par les golfs concern\u00e9s. Site Web T\u00e9l Accueil Mail Accueil D\u00e9parts R\u00e9sultats Augerville 02 38 [&hellip;]<\/p>\n","protected":false},"author":1,"featured_media":0,"parent":0,"menu_order":0,"comment_status":"closed","ping_status":"closed","template":"","meta":{"footnotes":""},"class_list":["post-41","page","type-page","status-publish","hentry"],"_links":{"self":[{"href":"https:\/\/www.amicale-golf-seniors-45.com\/index.php\/wp-json\/wp\/v2\/pages\/41","targetHints":{"allow":["GET"]}}],"collection":[{"href":"https:\/\/www.amicale-golf-seniors-45.com\/index.php\/wp-json\/wp\/v2\/pages"}],"about":[{"href":"https:\/\/www.amicale-golf-seniors-45.com\/index.php\/wp-json\/wp\/v2\/types\/page"}],"author":[{"embeddable":true,"href":"https:\/\/www.amicale-golf-seniors-45.com\/index.php\/wp-json\/wp\/v2\/users\/1"}],"replies":[{"embeddable":true,"href":"https:\/\/www.amicale-golf-seniors-45.com\/index.php\/wp-json\/wp\/v2\/comments?post=41"}],"version-history":[{"count":40,"href":"https:\/\/www.amicale-golf-seniors-45.com\/index.php\/wp-json\/wp\/v2\/pages\/41\/revisions"}],"predecessor-version":[{"id":5750,"href":"https:\/\/www.amicale-golf-seniors-45.com\/index.php\/wp-json\/wp\/v2\/pages\/41\/revisions\/5750"}],"wp:attachment":[{"href":"https:\/\/www.amicale-golf-seniors-45.com\/index.php\/wp-json\/wp\/v2\/media?parent=41"}],"curies":[{"name":"wp","href":"https:\/\/api.w.org\/{rel}","templated":true}]}}