{"id":44,"date":"2017-01-17T20:47:54","date_gmt":"2017-01-17T19:47:54","guid":{"rendered":"http:\/\/devgolf45.fr\/?page_id=44"},"modified":"2026-04-13T14:12:45","modified_gmt":"2026-04-13T12:12:45","slug":"challenge__trashed","status":"publish","type":"page","link":"https:\/\/www.amicale-golf-seniors-45.com\/index.php\/challenge__trashed\/","title":{"rendered":"Challenge"},"content":{"rendered":"<div class=\"wp-block-image\">\n<figure class=\"aligncenter size-full is-resized\"><a href=\"https:\/\/www.amicale-golf-seniors-45.com\/wp-content\/uploads\/2026\/04\/J5-Challenge-AS-Augerville-9-04-2026.pdf\" target=\"_blank\" rel=\"noreferrer noopener\"><img loading=\"lazy\" decoding=\"async\" width=\"353\" height=\"402\" src=\"https:\/\/www.amicale-golf-seniors-45.com\/wp-content\/uploads\/2024\/03\/Chall-AS.jpg\" alt=\"\" class=\"wp-image-4030\" style=\"width:134px;height:153px\" srcset=\"https:\/\/www.amicale-golf-seniors-45.com\/wp-content\/uploads\/2024\/03\/Chall-AS.jpg 353w, https:\/\/www.amicale-golf-seniors-45.com\/wp-content\/uploads\/2024\/03\/Chall-AS-263x300.jpg 263w\" sizes=\"auto, (max-width: 353px) 100vw, 353px\" \/><\/a><\/figure>\n<\/div>\n\n<h2 style=\"text-align: center;\">\u00a0<\/h2>\n<p style=\"text-align: center;\"><strong>Augerville<\/strong>, le parcours de tous les dangers, pour les cartes de scores&#8230;<\/p>\n<p style=\"text-align: center;\">L&rsquo;Essonne qui serpente et les pi\u00e8ces d&rsquo;eau, les pentes sur les fairways, les nombreux bunkers, les cot\u00e9s bois\u00e9s comme pi\u00e8ges \u00e0 balles, puis les greens redoutables et roulants o\u00f9 toute balle \u00e0 plus de 10 m\u00e8tres du drapeau peut conduire \u00e0 un 3 putts selon les pentes.<\/p>\n<p style=\"text-align: center;\">Malgr\u00e9 un temps magnifique, dans ces conditions de parcours, seulement 3 cartes \u00e0 36 points et mieux sur les 92 rendues.<\/p>\n<p style=\"text-align: center;\">Au classement, Marcilly reste en t\u00eate devant Lim\u00e8re qui suit \u00e0 20 points derri\u00e8re, Cheverny compl\u00e8te le podium, mais Donnery entame sa remont\u00e9e&#8230;<\/p>\n<hr \/>\n<h1 style=\"text-align: center;\"><span style=\"color: #008000;\"><strong>Challenge 2026<\/strong><\/span><\/h1>\n<p style=\"text-align: center;\"><span style=\"color: #ff0000;\"><strong>Depuis le 10 avril, le site a des difficult\u00e9s pour s&rsquo;ouvrir. <br \/>Une intervention a permis de d\u00e9boguer le site, en supprimant certains th\u00e8mes (graphisme des pages).\u00a0 L&rsquo;aspect du site sera repris plus tard.<\/strong><\/span><span style=\"color: #ff0000;\"><strong> L&rsquo;essentiel est de permettre les inscriptions aux comp\u00e9titions.<br \/><\/strong><\/span><\/p>\n\n\n<p class=\"has-text-align-center\"><\/p>\n\n\n\n<div class=\"wp-block-columns is-layout-flex wp-container-core-columns-is-layout-9d6595d7 wp-block-columns-is-layout-flex\">\n<div class=\"wp-block-column is-layout-flow wp-block-column-is-layout-flow\">\n<p class=\"has-text-align-center\"><a href=\"https:\/\/www.amicale-golf-seniors-45.com\/wp-content\/uploads\/2026\/04\/Augerville-D-Brut1.pdf\" target=\"_blank\" rel=\"noreferrer noopener\">Brut<\/a><\/p>\n\n\n<div class=\"wp-block-image\">\n<figure class=\"aligncenter size-full is-resized\"><a href=\"https:\/\/www.amicale-golf-seniors-45.com\/wp-content\/uploads\/2026\/04\/Augerville-D-Net1.pdf\" target=\"_blank\" rel=\"noreferrer noopener\"><img loading=\"lazy\" decoding=\"async\" width=\"297\" height=\"532\" src=\"https:\/\/www.amicale-golf-seniors-45.com\/wp-content\/uploads\/2017\/01\/Dame.jpg\" alt=\"\" class=\"wp-image-392\" style=\"width:94px;height:168px\" srcset=\"https:\/\/www.amicale-golf-seniors-45.com\/wp-content\/uploads\/2017\/01\/Dame.jpg 297w, https:\/\/www.amicale-golf-seniors-45.com\/wp-content\/uploads\/2017\/01\/Dame-167x300.jpg 167w\" sizes=\"auto, (max-width: 297px) 100vw, 297px\" \/><\/a><\/figure>\n<\/div><\/div>\n\n\n\n<div class=\"wp-block-column is-layout-flow wp-block-column-is-layout-flow\">\n<p class=\"has-text-align-center\"><a href=\"https:\/\/www.amicale-golf-seniors-45.com\/wp-content\/uploads\/2026\/04\/Augerville-H1-Brut1.pdf\" target=\"_blank\" rel=\"noreferrer noopener\">Brut1<\/a><\/p>\n\n\n<div class=\"wp-block-image\">\n<figure class=\"aligncenter size-full is-resized\"><a href=\"https:\/\/www.amicale-golf-seniors-45.com\/wp-content\/uploads\/2026\/04\/Augerville-H1-Net1.pdf\" target=\"_blank\" rel=\"noreferrer noopener\"><img loading=\"lazy\" decoding=\"async\" width=\"341\" height=\"500\" src=\"https:\/\/www.amicale-golf-seniors-45.com\/wp-content\/uploads\/2017\/03\/HS\u00e9rie1.jpg\" alt=\"\" class=\"wp-image-385\" style=\"width:114px;height:167px\" srcset=\"https:\/\/www.amicale-golf-seniors-45.com\/wp-content\/uploads\/2017\/03\/HS\u00e9rie1.jpg 341w, https:\/\/www.amicale-golf-seniors-45.com\/wp-content\/uploads\/2017\/03\/HS\u00e9rie1-205x300.jpg 205w\" sizes=\"auto, (max-width: 341px) 100vw, 341px\" \/><\/a><\/figure>\n<\/div><\/div>\n\n\n\n<div class=\"wp-block-column is-layout-flow wp-block-column-is-layout-flow\">\n<p class=\"has-text-align-center\"><a href=\"https:\/\/www.amicale-golf-seniors-45.com\/wp-content\/uploads\/2026\/04\/Augerville-H2-Brut1.pdf\" target=\"_blank\" rel=\"noreferrer noopener\">Brut2<\/a><\/p>\n\n\n<div class=\"wp-block-image\">\n<figure class=\"aligncenter size-full is-resized\"><a href=\"https:\/\/www.amicale-golf-seniors-45.com\/wp-content\/uploads\/2026\/04\/Augerville-H2-Net1.pdf\" target=\"_blank\" rel=\"noreferrer noopener\"><img loading=\"lazy\" decoding=\"async\" width=\"677\" height=\"997\" src=\"https:\/\/www.amicale-golf-seniors-45.com\/wp-content\/uploads\/2017\/03\/HS\u00e9rie2.png\" alt=\"\" class=\"wp-image-384\" style=\"width:114px;height:168px\" srcset=\"https:\/\/www.amicale-golf-seniors-45.com\/wp-content\/uploads\/2017\/03\/HS\u00e9rie2.png 677w, https:\/\/www.amicale-golf-seniors-45.com\/wp-content\/uploads\/2017\/03\/HS\u00e9rie2-204x300.png 204w\" sizes=\"auto, (max-width: 677px) 100vw, 677px\" \/><\/a><\/figure>\n<\/div><\/div>\n<\/div>\n\n\n\n<p style=\"text-align: center;\"><strong>Fonctionnement des classements du Challenge<\/strong><\/p>\n<p style=\"text-align: center;\">\u00c0 partir de 16 \u00e9preuves organis\u00e9es, seuls les quinze meilleurs scores de chaque joueur sont pris en compte dans les tableaux du Challenge.<\/p>\n<p style=\"text-align: center;\">Les scores non retenus n\u2019apparaissent pas dans le classement.<br \/>Ainsi, si votre score ne figure pas lors d\u2019une \u00e9preuve, cela signifie simplement qu\u2019il n\u2019a pas \u00e9t\u00e9 comptabilis\u00e9 dans vos quinze meilleurs r\u00e9sultats (<em>application automatique du filtre<\/em>).<\/p>\n<p style=\"text-align: center;\">Dans les tableaux du Challenge en score net, sont \u00e9galement indiqu\u00e9s :<br \/>&#8211; le nombre total de participations, <br \/>&#8211; le plus faible score parmi les quinze retenus.<\/p>\n<p style=\"text-align: center;\"><strong>Pour augmenter votre total de points, il convient donc d\u2019am\u00e9liorer ce score plancher.<\/strong><\/p>\n","protected":false},"excerpt":{"rendered":"<p>\u00a0 Augerville, le parcours de tous les dangers, pour les cartes de scores&#8230; L&rsquo;Essonne qui serpente et les pi\u00e8ces d&rsquo;eau, les pentes sur les fairways, les nombreux bunkers, les cot\u00e9s bois\u00e9s comme pi\u00e8ges \u00e0 balles, puis les greens redoutables et roulants o\u00f9 toute balle \u00e0 plus de 10 m\u00e8tres du drapeau peut conduire \u00e0 un [&hellip;]<\/p>\n","protected":false},"author":1,"featured_media":0,"parent":0,"menu_order":0,"comment_status":"closed","ping_status":"closed","template":"","meta":{"footnotes":""},"class_list":["post-44","page","type-page","status-publish","hentry"],"_links":{"self":[{"href":"https:\/\/www.amicale-golf-seniors-45.com\/index.php\/wp-json\/wp\/v2\/pages\/44","targetHints":{"allow":["GET"]}}],"collection":[{"href":"https:\/\/www.amicale-golf-seniors-45.com\/index.php\/wp-json\/wp\/v2\/pages"}],"about":[{"href":"https:\/\/www.amicale-golf-seniors-45.com\/index.php\/wp-json\/wp\/v2\/types\/page"}],"author":[{"embeddable":true,"href":"https:\/\/www.amicale-golf-seniors-45.com\/index.php\/wp-json\/wp\/v2\/users\/1"}],"replies":[{"embeddable":true,"href":"https:\/\/www.amicale-golf-seniors-45.com\/index.php\/wp-json\/wp\/v2\/comments?post=44"}],"version-history":[{"count":677,"href":"https:\/\/www.amicale-golf-seniors-45.com\/index.php\/wp-json\/wp\/v2\/pages\/44\/revisions"}],"predecessor-version":[{"id":5702,"href":"https:\/\/www.amicale-golf-seniors-45.com\/index.php\/wp-json\/wp\/v2\/pages\/44\/revisions\/5702"}],"wp:attachment":[{"href":"https:\/\/www.amicale-golf-seniors-45.com\/index.php\/wp-json\/wp\/v2\/media?parent=44"}],"curies":[{"name":"wp","href":"https:\/\/api.w.org\/{rel}","templated":true}]}}