{"id":4757,"date":"2025-02-04T11:36:46","date_gmt":"2025-02-04T10:36:46","guid":{"rendered":"https:\/\/www.amicale-golf-seniors-45.com\/?page_id=4757"},"modified":"2025-06-07T12:27:43","modified_gmt":"2025-06-07T10:27:43","slug":"reglement-des-petites-annonces","status":"publish","type":"page","link":"https:\/\/www.amicale-golf-seniors-45.com\/index.php\/reglement-des-petites-annonces\/","title":{"rendered":"C.U. du service"},"content":{"rendered":"\n<p>En utilisant ce service, vous reconnaissez d\u00e9gager l\u2019Amicale de toutes responsabilit\u00e9s dans votre transaction.<\/p>\n\n\n\n<p>\u2022 Les petites annonces concernent uniquement du <strong>mat\u00e9riel de golf<\/strong> : clubs, balles chaussures, v\u00eatements, accessoires (t\u00e9l\u00e9m\u00e8tres , parapluies, \u2026)<\/p>\n\n\n\n<p>\u2022 L\u2019utilisation de ce service est r\u00e9serv\u00e9e aux membres de l\u2019Amicale<\/p>\n\n\n\n<p>\u2022 Ce service n\u2019utilise pas de mod\u00e9rateur, chaque membre est responsable des annonces qu\u2019il publie<\/p>\n\n\n\n<p>\u2022 L&rsquo;Amicale se r\u00e9serve le droit de supprimer toute annonce qui ne serait pas conforme aux cat\u00e9gories propos\u00e9es ou contraire aux bons usages, sans s&rsquo;en justifier<\/p>\n\n\n\n<p>\u2022 Pour passer une petite annonce, vous devez obligatoirement \u00eatre enregistr\u00e9 sur le site de l\u2019association en tant que contact, en indiquant vos coordonn\u00e9es<\/p>\n\n\n\n<p>\u2022 Lorsque vous avez vendu votre objet, ou si vous ne souhaitez plus le vendre, vous devrez supprimer l\u2019annonce<\/p>\n\n\n\n<p>\u2022 Les \u00e9changes entre vendeur et acheteur se font par mail , Ils peuvent se poursuivre par t\u00e9l\u00e9phone si accord entre les deux parties<\/p>\n\n\n\n<p><\/p>\n","protected":false},"excerpt":{"rendered":"<p>En utilisant ce service, vous reconnaissez d\u00e9gager l\u2019Amicale de toutes responsabilit\u00e9s dans votre transaction. \u2022 Les petites annonces concernent uniquement du mat\u00e9riel de golf : clubs, balles chaussures, v\u00eatements, accessoires (t\u00e9l\u00e9m\u00e8tres , parapluies, \u2026) \u2022 L\u2019utilisation de ce service est r\u00e9serv\u00e9e aux membres de l\u2019Amicale \u2022 Ce service n\u2019utilise pas de mod\u00e9rateur, chaque membre est [&hellip;]<\/p>\n","protected":false},"author":6,"featured_media":0,"parent":0,"menu_order":0,"comment_status":"closed","ping_status":"closed","template":"","meta":{"footnotes":""},"class_list":["post-4757","page","type-page","status-publish","hentry"],"_links":{"self":[{"href":"https:\/\/www.amicale-golf-seniors-45.com\/index.php\/wp-json\/wp\/v2\/pages\/4757","targetHints":{"allow":["GET"]}}],"collection":[{"href":"https:\/\/www.amicale-golf-seniors-45.com\/index.php\/wp-json\/wp\/v2\/pages"}],"about":[{"href":"https:\/\/www.amicale-golf-seniors-45.com\/index.php\/wp-json\/wp\/v2\/types\/page"}],"author":[{"embeddable":true,"href":"https:\/\/www.amicale-golf-seniors-45.com\/index.php\/wp-json\/wp\/v2\/users\/6"}],"replies":[{"embeddable":true,"href":"https:\/\/www.amicale-golf-seniors-45.com\/index.php\/wp-json\/wp\/v2\/comments?post=4757"}],"version-history":[{"count":5,"href":"https:\/\/www.amicale-golf-seniors-45.com\/index.php\/wp-json\/wp\/v2\/pages\/4757\/revisions"}],"predecessor-version":[{"id":5670,"href":"https:\/\/www.amicale-golf-seniors-45.com\/index.php\/wp-json\/wp\/v2\/pages\/4757\/revisions\/5670"}],"wp:attachment":[{"href":"https:\/\/www.amicale-golf-seniors-45.com\/index.php\/wp-json\/wp\/v2\/media?parent=4757"}],"curies":[{"name":"wp","href":"https:\/\/api.w.org\/{rel}","templated":true}]}}