{"id":5879,"date":"2026-04-30T14:40:15","date_gmt":"2026-04-30T12:40:15","guid":{"rendered":"https:\/\/www.amicale-golf-seniors-45.com\/?page_id=5879"},"modified":"2026-04-30T14:40:16","modified_gmt":"2026-04-30T12:40:16","slug":"presentation","status":"publish","type":"page","link":"https:\/\/www.amicale-golf-seniors-45.com\/index.php\/presentation\/","title":{"rendered":"Pr\u00e9sentation"},"content":{"rendered":"\n<div class=\"wpb_text_column wpb_content_element \">\n<div class=\"wpb_wrapper\">\n<p>L\u2019Amicale organise, presque tous les jeudis, des comp\u00e9titions conviviales et sportives sur les <a href=\"https:\/\/www.google.com\/maps\/d\/u\/0\/viewer?mid=150T9x6zVtXI-vfUCt8njocwDtrmqHIg&amp;ll=47.55350087851484%2C2.2537523999999953&amp;z=8\" target=\"_blank\" rel=\"noopener\">golfs partenaires<\/a><br \/>Pour y participer, il faut :<\/p>\n<ul>\n<li>\u00eatre <strong><em>membre AS<\/em><\/strong>\u00a0et\u00a0<strong><em>abonn\u00e9\u00a0<\/em><\/strong>dans un des golfs partenaires<\/li>\n<li>\u00a0\u00eatre <strong>licenci\u00e9 de la FFG<\/strong> dans un des golfs partenaires, ou dans une association de golf autoris\u00e9e par le bureau (\u00e0 ce jour : CSA, BA123, ASOA, ASPO Bourges, IBM Orl\u00e9ans, 2FOpen, Roto-sports Cheverny, DIOR, MBDA Bourges)<\/li>\n<li>\u00eatre <strong>titulaire d\u2019un certificat m\u00e9dical<\/strong> de non-contre indication \u00e0 la pratique du golf en comp\u00e9tition et avoir 50 ans ou plus la veille de l\u2019\u00e9preuve \/ avoir un index inf\u00e9rieur ou \u00e9gal \u00e0 45<\/li>\n<\/ul>\n<p><strong>Pour la saison 2026<\/strong>, les tarifs sont : 35\u20ac le green-fee et 8\u20ac le droit d\u2019engagement (ou 4\u20ac pour les golfs ne proposant pas de pot en fin de partie)<\/p>\n<p>Seule l\u2019inscription en ligne aux comp\u00e9titions est valide et prise en compte<br \/>Le champ est limit\u00e9 normalement \u00e0 114 joueurs pour les golfs de 18T &amp; 42 joueurs pour les golfs de 9T. Les inscriptions au-del\u00e0 de ces limites seront en liste d\u2019attente. Charge au joueur de v\u00e9rifier la liste des d\u00e9parts, pour savoir s\u2019il participe ou non \u00e0 la comp\u00e9tition<br \/>Normalement les inscriptions sont ouvertes durant une semaine \u00e0 partir du dimanche (fin de journ\u00e9e) de la semaine pr\u00e9c\u00e9dant l\u2019\u00e9preuve (J-11)<\/p>\n<p>Lors de sa premi\u00e8re participation de l\u2019ann\u00e9e, un joueur peut choisir les rep\u00e8res de d\u00e9part : <strong>normaux<\/strong> (dames rouges, messieurs jaunes) ou <strong>avanc\u00e9s<\/strong> (dames violets, messieurs bleus), quel que soit son \u00e2ge et son index. <strong>En revanche, ce choix sera appliqu\u00e9 \u00e0 toutes les \u00e9preuves de l\u2019ann\u00e9e.<\/strong><\/p>\n<p>Cat\u00e9gorie Dames : une s\u00e9rie : 0 \u00e0 45 \u2013 HCP limit\u00e9 \u00e0 36 \u2013 D\u00e9parts rep\u00e8res rouges ou violets<br \/>Cat\u00e9gorie Messieurs : 1\u00e8re s\u00e9rie : 0 \u00e0 21,0 \u2013 D\u00e9parts rep\u00e8res jaunes ou bleus<br \/>2\u00e8me s\u00e9rie : 21,1 \u00e0 45 \u2013 HCP limit\u00e9 \u00e0 36 \u2013 D\u00e9parts rep\u00e8res jaunes ou bleus<\/p>\n<p>Il est propos\u00e9 3 tranches horaires pour les d\u00e9parts (avant 10h00, entre 10h00 et midi, apr\u00e8s midi). La premi\u00e8re tranche horaire des d\u00e9parts avant 10h00, est r\u00e9serv\u00e9e aux joueurs dont l\u2019index ne d\u00e9passe pas 36. <strong>Il est bien entendu que ces souhaits sont pris en compte sous r\u00e9serve des possibilit\u00e9s des organisateurs.<\/strong><\/p>\n<p>La formule de jeu est en STABLEFORD, le classement de chaque \u00e9preuve se fait en prenant le r\u00e9sultat du score net de chaque joueur, pour chaque s\u00e9rie d\u2019index et quel que soit le rep\u00e8re des d\u00e9parts.<br \/>Le classement final se fait en retenant les quinze meilleures comp\u00e9titions de l\u2019ann\u00e9e pour chaque joueur, et en cumulant leurs points en net.<\/p>\n<p>Un classement subsidiaire de fin de saison, totalement ind\u00e9pendant du pr\u00e9c\u00e8dent, se fait en cumulant les scores bruts des comp\u00e9titions de l\u2019ann\u00e9e, par s\u00e9rie, pour les joueurs partant des rep\u00e8res normaux (rouges pour les dames et jaunes pour les messieurs).<\/p>\n<p>Pour recevoir les nouvelles de l\u2019Amicale, am\u00e9liorer notre communication en cr\u00e9ant un carnet d\u2019adresses, le lien \u00ab\u00a0Inscription NEWS\u00a0\u00bb vous dirige vers un questionnaire o\u00f9 vous pouvez laisser vos coordonn\u00e9es. Lors de cette inscription il vous sera demand\u00e9 de prendre connaissance de la clause du RGPD et de le reconnaitre.<\/p>\n<\/div>\n<\/div>\n","protected":false},"excerpt":{"rendered":"<p>L\u2019Amicale organise, presque tous les jeudis, des comp\u00e9titions conviviales et sportives sur les golfs partenairesPour y participer, il faut : \u00eatre membre AS\u00a0et\u00a0abonn\u00e9\u00a0dans un des golfs partenaires \u00a0\u00eatre licenci\u00e9 de la FFG dans un des golfs partenaires, ou dans une association de golf autoris\u00e9e par le bureau (\u00e0 ce jour : CSA, BA123, ASOA, ASPO [&hellip;]<\/p>\n","protected":false},"author":7,"featured_media":0,"parent":0,"menu_order":0,"comment_status":"closed","ping_status":"closed","template":"","meta":{"footnotes":""},"class_list":["post-5879","page","type-page","status-publish","hentry"],"_links":{"self":[{"href":"https:\/\/www.amicale-golf-seniors-45.com\/index.php\/wp-json\/wp\/v2\/pages\/5879","targetHints":{"allow":["GET"]}}],"collection":[{"href":"https:\/\/www.amicale-golf-seniors-45.com\/index.php\/wp-json\/wp\/v2\/pages"}],"about":[{"href":"https:\/\/www.amicale-golf-seniors-45.com\/index.php\/wp-json\/wp\/v2\/types\/page"}],"author":[{"embeddable":true,"href":"https:\/\/www.amicale-golf-seniors-45.com\/index.php\/wp-json\/wp\/v2\/users\/7"}],"replies":[{"embeddable":true,"href":"https:\/\/www.amicale-golf-seniors-45.com\/index.php\/wp-json\/wp\/v2\/comments?post=5879"}],"version-history":[{"count":1,"href":"https:\/\/www.amicale-golf-seniors-45.com\/index.php\/wp-json\/wp\/v2\/pages\/5879\/revisions"}],"predecessor-version":[{"id":5880,"href":"https:\/\/www.amicale-golf-seniors-45.com\/index.php\/wp-json\/wp\/v2\/pages\/5879\/revisions\/5880"}],"wp:attachment":[{"href":"https:\/\/www.amicale-golf-seniors-45.com\/index.php\/wp-json\/wp\/v2\/media?parent=5879"}],"curies":[{"name":"wp","href":"https:\/\/api.w.org\/{rel}","templated":true}]}}